{"id":14629,"date":"2025-03-26T22:22:21","date_gmt":"2025-03-26T17:22:21","guid":{"rendered":"https:\/\/turkmenexporter.com\/product\/kenton-poudre-a-lever\/"},"modified":"2025-03-26T22:22:21","modified_gmt":"2025-03-26T17:22:21","slug":"kenton-poudre-a-lever","status":"publish","type":"product","link":"https:\/\/turkmenexporter.com\/fr\/produit\/kenton-poudre-a-lever\/","title":{"rendered":"Kenton Poudre \u00e0 lever"},"content":{"rendered":"<p>Kenton Baking Powder &#8211; Un agent levant \u00e0 double action de haute qualit\u00e9 qui garantit des produits de boulangerie l\u00e9gers et parfaitement lev\u00e9s. Id\u00e9al pour la p\u00e2tisserie domestique et professionnelle ! <\/p>\n<p>Composition du produit: Phosphate disodique, bicarbonate de sodium, amidon de ma\u00efs.<\/p>\n<p>Conditions de stockage: Dans un endroit sec et frais, \u00e0 une temp\u00e9rature \u00e9lev\u00e9e de 20 \u00b0C , l&rsquo; humidit\u00e9 ne devant pas d\u00e9passer 70 %.<\/p>\n<p>Dur\u00e9e de conservation : 24 mois. Produit certifi\u00e9.<br \/>\nNe contient pas d&rsquo;OGM.<\/p>\n","protected":false},"excerpt":{"rendered":"<p>Poudre \u00e0 lever 10 kg.<\/p>\n<p>Poids brut 10,1 kg.<\/p>\n","protected":false},"featured_media":14589,"comment_status":"open","ping_status":"closed","template":"","meta":{"_acf_changed":false},"brand":[1015],"product_cat":[981],"product_tag":[],"class_list":{"0":"post-14629","1":"product","2":"type-product","3":"status-publish","4":"has-post-thumbnail","6":"brand-kenton-fr","7":"product_cat-additifs-alimentaires","9":"first","10":"instock","11":"shipping-taxable","12":"purchasable","13":"product-type-simple"},"acf":[],"_links":{"self":[{"href":"https:\/\/turkmenexporter.com\/fr\/wp-json\/wp\/v2\/product\/14629","targetHints":{"allow":["GET"]}}],"collection":[{"href":"https:\/\/turkmenexporter.com\/fr\/wp-json\/wp\/v2\/product"}],"about":[{"href":"https:\/\/turkmenexporter.com\/fr\/wp-json\/wp\/v2\/types\/product"}],"replies":[{"embeddable":true,"href":"https:\/\/turkmenexporter.com\/fr\/wp-json\/wp\/v2\/comments?post=14629"}],"version-history":[{"count":0,"href":"https:\/\/turkmenexporter.com\/fr\/wp-json\/wp\/v2\/product\/14629\/revisions"}],"wp:featuredmedia":[{"embeddable":true,"href":"https:\/\/turkmenexporter.com\/fr\/wp-json\/wp\/v2\/media\/14589"}],"wp:attachment":[{"href":"https:\/\/turkmenexporter.com\/fr\/wp-json\/wp\/v2\/media?parent=14629"}],"wp:term":[{"taxonomy":"brand","embeddable":true,"href":"https:\/\/turkmenexporter.com\/fr\/wp-json\/wp\/v2\/brand?post=14629"},{"taxonomy":"product_cat","embeddable":true,"href":"https:\/\/turkmenexporter.com\/fr\/wp-json\/wp\/v2\/product_cat?post=14629"},{"taxonomy":"product_tag","embeddable":true,"href":"https:\/\/turkmenexporter.com\/fr\/wp-json\/wp\/v2\/product_tag?post=14629"}],"curies":[{"name":"wp","href":"https:\/\/api.w.org\/{rel}","templated":true}]}}