{"id":14631,"date":"2025-03-26T21:04:14","date_gmt":"2025-03-26T16:04:14","guid":{"rendered":"https:\/\/turkmenexporter.com\/product\/poudre-de-cacao-kenton\/"},"modified":"2025-03-26T21:04:14","modified_gmt":"2025-03-26T16:04:14","slug":"poudre-de-cacao-kenton","status":"publish","type":"product","link":"https:\/\/turkmenexporter.com\/fr\/produit\/poudre-de-cacao-kenton\/","title":{"rendered":"Kenton Poudre de cacao"},"content":{"rendered":"<article class=\"w-full text-token-text-primary\" dir=\"auto\" data-testid=\"conversation-turn-70\" data-scroll-anchor=\"true\">\n<div class=\"text-base my-auto mx-auto py-5 px-6\">\n<div class=\"mx-auto flex flex-1 text-base gap-4 md:gap-5 lg:gap-6 md:max-w-3xl lg:max-w-[40rem] xl:max-w-[48rem] group\/turn-messages focus-visible:outline-none\">\n<div class=\"group\/conversation-turn relative flex w-full min-w-0 flex-col agent-turn @xs\/thread:px-0 @sm\/thread:px-1.5 @md\/thread:px-4\">\n<div class=\"relative flex-col gap-1 md:gap-3\">\n<div class=\"flex max-w-full flex-col flex-grow\">\n<div class=\"min-h-8 text-message relative flex w-full flex-col items-end gap-2 whitespace-normal break-words text-start [.text-message+&amp;]:mt-5\" dir=\"auto\" data-message-author-role=\"assistant\" data-message-id=\"56b63990-7958-4cf1-b966-5cbd606f46f9\" data-message-model-slug=\"gpt-4o\">\n<div class=\"flex w-full flex-col gap-1 empty:hidden first:pt-[3px]\">\n<div class=\"markdown prose w-full break-words dark:prose-invert dark\">\n<p class=\"\" data-start=\"1409\" data-end=\"1591\">Kenton Cocoa Powder &#8211; Une poudre de cacao de premi\u00e8re qualit\u00e9, finement moulue, au go\u00fbt de chocolat profond. Id\u00e9ale pour un usage domestique et professionnel ! <\/p>\n<\/div>\n<\/div>\n<\/div>\n<\/div>\n<\/div>\n<div class=\"absolute\">\n<div class=\"flex items-center justify-center\">Composition du produit: Poudre decacao.<\/div>\n<\/div>\n<\/div>\n<\/div>\n<\/div>\n<\/article>\n<div class=\"pointer-events-none h-px w-px\" aria-hidden=\"true\" data-edge=\"true\">\n<p>Conditions de stockage : Dans un endroit sec et frais, \u00e0 une temp\u00e9rature \u00e9lev\u00e9e de 18 \u00b0C, l&rsquo;humidit\u00e9 ne devant pas d\u00e9passer 75 %.<\/p>\n<p>Dur\u00e9e de conservation : 24 mois. Produit certifi\u00e9.<br \/>\nNe contient pas d&rsquo;OGM.<\/p>\n<\/div>\n","protected":false},"excerpt":{"rendered":"<p>Poudre de cacao 25 g.<\/p>\n<p>36 paquets dans un emballage. 8 paquets dans une bo\u00eete.<\/p>\n<p>Poids brut de la bo\u00eete : 9,2 kg.<\/p>\n","protected":false},"featured_media":14570,"comment_status":"open","ping_status":"closed","template":"","meta":{"_acf_changed":false},"brand":[1015],"product_cat":[981],"product_tag":[848],"class_list":{"0":"post-14631","1":"product","2":"type-product","3":"status-publish","4":"has-post-thumbnail","6":"brand-kenton-fr","7":"product_cat-additifs-alimentaires","8":"product_tag-front-product-fr","10":"first","11":"instock","12":"shipping-taxable","13":"purchasable","14":"product-type-simple"},"acf":[],"_links":{"self":[{"href":"https:\/\/turkmenexporter.com\/fr\/wp-json\/wp\/v2\/product\/14631","targetHints":{"allow":["GET"]}}],"collection":[{"href":"https:\/\/turkmenexporter.com\/fr\/wp-json\/wp\/v2\/product"}],"about":[{"href":"https:\/\/turkmenexporter.com\/fr\/wp-json\/wp\/v2\/types\/product"}],"replies":[{"embeddable":true,"href":"https:\/\/turkmenexporter.com\/fr\/wp-json\/wp\/v2\/comments?post=14631"}],"version-history":[{"count":0,"href":"https:\/\/turkmenexporter.com\/fr\/wp-json\/wp\/v2\/product\/14631\/revisions"}],"wp:featuredmedia":[{"embeddable":true,"href":"https:\/\/turkmenexporter.com\/fr\/wp-json\/wp\/v2\/media\/14570"}],"wp:attachment":[{"href":"https:\/\/turkmenexporter.com\/fr\/wp-json\/wp\/v2\/media?parent=14631"}],"wp:term":[{"taxonomy":"brand","embeddable":true,"href":"https:\/\/turkmenexporter.com\/fr\/wp-json\/wp\/v2\/brand?post=14631"},{"taxonomy":"product_cat","embeddable":true,"href":"https:\/\/turkmenexporter.com\/fr\/wp-json\/wp\/v2\/product_cat?post=14631"},{"taxonomy":"product_tag","embeddable":true,"href":"https:\/\/turkmenexporter.com\/fr\/wp-json\/wp\/v2\/product_tag?post=14631"}],"curies":[{"name":"wp","href":"https:\/\/api.w.org\/{rel}","templated":true}]}}