{"id":14632,"date":"2025-03-23T01:01:58","date_gmt":"2025-03-22T20:01:58","guid":{"rendered":"https:\/\/turkmenexporter.com\/product\/aliments-gelatine\/"},"modified":"2025-03-23T01:01:58","modified_gmt":"2025-03-22T20:01:58","slug":"aliments-gelatine","status":"publish","type":"product","link":"https:\/\/turkmenexporter.com\/fr\/produit\/aliments-gelatine\/","title":{"rendered":"G\u00e9latine alimentaire"},"content":{"rendered":"<p>G\u00e9latine alimentaire Kenton &#8211; Un g\u00e9lifiant de premi\u00e8re qualit\u00e9 pour la p\u00e2tisserie et la confiserie. Sans odeur, sans go\u00fbt et parfaite pour les gel\u00e9es, les mousses et les bonbons g\u00e9lifi\u00e9s. Id\u00e9al pour un usage domestique et industriel !  <\/p>\n<p>Composition du produit: G\u00e9latine, additif alimentaire conservateur E223.<\/p>\n<p>Conditions de stockage: Stocker dans un endroit sec et frais , \u00e0 une temp\u00e9rature comprise entre 5 et 25\u00b0C et \u00e0 une humidit\u00e9 relative ne d\u00e9passant pas 70%.<\/p>\n<p>Dur\u00e9e de conservation : 18 mois. Produit certifi\u00e9.<br \/>\nNe contient pas d&rsquo;OGM.<\/p>\n","protected":false},"excerpt":{"rendered":"<p>G\u00e9latine alimentaire 50 g.<br \/>\nBo\u00eete de 48 pi\u00e8ces.<br \/>\nPoids brut de la bo\u00eete : 3,5 kg.<\/p>\n","protected":false},"featured_media":14327,"comment_status":"open","ping_status":"closed","template":"","meta":{"_acf_changed":false},"brand":[1015],"product_cat":[981],"product_tag":[],"class_list":{"0":"post-14632","1":"product","2":"type-product","3":"status-publish","4":"has-post-thumbnail","6":"brand-kenton-fr","7":"product_cat-additifs-alimentaires","9":"first","10":"instock","11":"shipping-taxable","12":"purchasable","13":"product-type-simple"},"acf":[],"_links":{"self":[{"href":"https:\/\/turkmenexporter.com\/fr\/wp-json\/wp\/v2\/product\/14632","targetHints":{"allow":["GET"]}}],"collection":[{"href":"https:\/\/turkmenexporter.com\/fr\/wp-json\/wp\/v2\/product"}],"about":[{"href":"https:\/\/turkmenexporter.com\/fr\/wp-json\/wp\/v2\/types\/product"}],"replies":[{"embeddable":true,"href":"https:\/\/turkmenexporter.com\/fr\/wp-json\/wp\/v2\/comments?post=14632"}],"version-history":[{"count":0,"href":"https:\/\/turkmenexporter.com\/fr\/wp-json\/wp\/v2\/product\/14632\/revisions"}],"wp:featuredmedia":[{"embeddable":true,"href":"https:\/\/turkmenexporter.com\/fr\/wp-json\/wp\/v2\/media\/14327"}],"wp:attachment":[{"href":"https:\/\/turkmenexporter.com\/fr\/wp-json\/wp\/v2\/media?parent=14632"}],"wp:term":[{"taxonomy":"brand","embeddable":true,"href":"https:\/\/turkmenexporter.com\/fr\/wp-json\/wp\/v2\/brand?post=14632"},{"taxonomy":"product_cat","embeddable":true,"href":"https:\/\/turkmenexporter.com\/fr\/wp-json\/wp\/v2\/product_cat?post=14632"},{"taxonomy":"product_tag","embeddable":true,"href":"https:\/\/turkmenexporter.com\/fr\/wp-json\/wp\/v2\/product_tag?post=14632"}],"curies":[{"name":"wp","href":"https:\/\/api.w.org\/{rel}","templated":true}]}}