{"id":14802,"date":"2025-04-02T08:41:58","date_gmt":"2025-04-02T03:41:58","guid":{"rendered":"https:\/\/turkmenexporter.com\/product\/chaussettes-hommes-batly-gadam\/"},"modified":"2025-04-02T08:41:58","modified_gmt":"2025-04-02T03:41:58","slug":"chaussettes-hommes-batly-gadam","status":"publish","type":"product","link":"https:\/\/turkmenexporter.com\/fr\/produit\/chaussettes-hommes-batly-gadam\/","title":{"rendered":"Chaussettes pour hommes Batly-Gadam"},"content":{"rendered":"<p>80 % coton<br \/>\n16 % polyamide<br \/>\n4 % \u00e9lasthanne<br \/>\nTailles : 40-44<\/p>\n","protected":false},"excerpt":{"rendered":"<p>Chaussettes en coton de haute qualit\u00e9.<br \/>\nToute modification du design, de la taille et du contenu peut \u00eatre n\u00e9goci\u00e9e<\/p>\n<p>R\u00e9sultats des tests de qualit\u00e9 europ\u00e9ens &#8211; <a href=\"https:\/\/drive.google.com\/file\/d\/1gtCbls6mnxNAk1AxwIH-SF41P-I7ILR_\/view?usp=sharing\" target=\"_blank\" rel=\"nofollow noopener\">Rapport de test T\u00dcV S\u00dcD<\/a><\/p>\n","protected":false},"featured_media":12721,"comment_status":"open","ping_status":"closed","template":"","meta":{"_acf_changed":false},"brand":[1047],"product_cat":[1042],"product_tag":[],"class_list":{"0":"post-14802","1":"product","2":"type-product","3":"status-publish","4":"has-post-thumbnail","6":"brand-batly-gadam-fr","7":"product_cat-chaussettes","9":"first","10":"instock","11":"shipping-taxable","12":"purchasable","13":"product-type-variable","14":"has-default-attributes"},"acf":[],"_links":{"self":[{"href":"https:\/\/turkmenexporter.com\/fr\/wp-json\/wp\/v2\/product\/14802","targetHints":{"allow":["GET"]}}],"collection":[{"href":"https:\/\/turkmenexporter.com\/fr\/wp-json\/wp\/v2\/product"}],"about":[{"href":"https:\/\/turkmenexporter.com\/fr\/wp-json\/wp\/v2\/types\/product"}],"replies":[{"embeddable":true,"href":"https:\/\/turkmenexporter.com\/fr\/wp-json\/wp\/v2\/comments?post=14802"}],"version-history":[{"count":0,"href":"https:\/\/turkmenexporter.com\/fr\/wp-json\/wp\/v2\/product\/14802\/revisions"}],"wp:featuredmedia":[{"embeddable":true,"href":"https:\/\/turkmenexporter.com\/fr\/wp-json\/wp\/v2\/media\/12721"}],"wp:attachment":[{"href":"https:\/\/turkmenexporter.com\/fr\/wp-json\/wp\/v2\/media?parent=14802"}],"wp:term":[{"taxonomy":"brand","embeddable":true,"href":"https:\/\/turkmenexporter.com\/fr\/wp-json\/wp\/v2\/brand?post=14802"},{"taxonomy":"product_cat","embeddable":true,"href":"https:\/\/turkmenexporter.com\/fr\/wp-json\/wp\/v2\/product_cat?post=14802"},{"taxonomy":"product_tag","embeddable":true,"href":"https:\/\/turkmenexporter.com\/fr\/wp-json\/wp\/v2\/product_tag?post=14802"}],"curies":[{"name":"wp","href":"https:\/\/api.w.org\/{rel}","templated":true}]}}