{"id":15298,"date":"2025-04-15T20:34:03","date_gmt":"2025-04-15T15:34:03","guid":{"rendered":"https:\/\/turkmenexporter.com\/product\/batons-de-bambou-balsheker-900g\/"},"modified":"2025-04-15T20:34:03","modified_gmt":"2025-04-15T15:34:03","slug":"batons-de-bambou-balsheker-900g","status":"publish","type":"product","link":"https:\/\/turkmenexporter.com\/fr\/produit\/batons-de-bambou-balsheker-900g\/","title":{"rendered":"B\u00e2tons de bambou \u00ab\u00a0Balsheker\u00a0\u00bb 900g."},"content":{"rendered":"<ul>\n<li>400 bo\u00eetes par palette.<\/li>\n<li>Dur\u00e9e de conservation : 6 mois.<\/li>\n<\/ul>\n<p>Conserver dans un endroit frais et sec, \u00e0 une temp\u00e9rature ne d\u00e9passant pas 18\u00b0C et \u00e0 une humidit\u00e9 relative ne d\u00e9passant pas 70%.<\/p>\n","protected":false},"excerpt":{"rendered":"<p>Le prix indiqu\u00e9 est pour 1 bo\u00eete.<\/p>\n<p>Bo\u00eete de b\u00e2tonnets de bambou croustillants 900g.<\/p>\n","protected":false},"featured_media":15291,"comment_status":"open","ping_status":"closed","template":"","meta":{"_acf_changed":false},"brand":[896],"product_cat":[902],"product_tag":[],"class_list":{"0":"post-15298","1":"product","2":"type-product","3":"status-publish","4":"has-post-thumbnail","6":"brand-balsheker-fr","7":"product_cat-crackers-fr","9":"first","10":"instock","11":"shipping-taxable","12":"purchasable","13":"product-type-variable","14":"has-default-attributes"},"acf":[],"_links":{"self":[{"href":"https:\/\/turkmenexporter.com\/fr\/wp-json\/wp\/v2\/product\/15298","targetHints":{"allow":["GET"]}}],"collection":[{"href":"https:\/\/turkmenexporter.com\/fr\/wp-json\/wp\/v2\/product"}],"about":[{"href":"https:\/\/turkmenexporter.com\/fr\/wp-json\/wp\/v2\/types\/product"}],"replies":[{"embeddable":true,"href":"https:\/\/turkmenexporter.com\/fr\/wp-json\/wp\/v2\/comments?post=15298"}],"version-history":[{"count":0,"href":"https:\/\/turkmenexporter.com\/fr\/wp-json\/wp\/v2\/product\/15298\/revisions"}],"wp:featuredmedia":[{"embeddable":true,"href":"https:\/\/turkmenexporter.com\/fr\/wp-json\/wp\/v2\/media\/15291"}],"wp:attachment":[{"href":"https:\/\/turkmenexporter.com\/fr\/wp-json\/wp\/v2\/media?parent=15298"}],"wp:term":[{"taxonomy":"brand","embeddable":true,"href":"https:\/\/turkmenexporter.com\/fr\/wp-json\/wp\/v2\/brand?post=15298"},{"taxonomy":"product_cat","embeddable":true,"href":"https:\/\/turkmenexporter.com\/fr\/wp-json\/wp\/v2\/product_cat?post=15298"},{"taxonomy":"product_tag","embeddable":true,"href":"https:\/\/turkmenexporter.com\/fr\/wp-json\/wp\/v2\/product_tag?post=15298"}],"curies":[{"name":"wp","href":"https:\/\/api.w.org\/{rel}","templated":true}]}}