{"id":15304,"date":"2025-04-15T20:12:47","date_gmt":"2025-04-15T15:12:47","guid":{"rendered":"https:\/\/turkmenexporter.com\/product\/batons-de-chocolat-balsheker\/"},"modified":"2025-04-15T20:12:47","modified_gmt":"2025-04-15T15:12:47","slug":"batons-de-chocolat-balsheker","status":"publish","type":"product","link":"https:\/\/turkmenexporter.com\/fr\/produit\/batons-de-chocolat-balsheker\/","title":{"rendered":"B\u00e2tons de chocolat \u00ab\u00a0Balsheker\u00a0\u00bb"},"content":{"rendered":"<p>Composition du produit: Farine de bl\u00e9 de premi\u00e8re qualit\u00e9, lait sec, amidon, sucre en poudre, sel de table, beurre fondu, \u00e9mulsifiant l\u00e9cithine E322, chocolat, ar\u00f4me identique au naturel \u00ab\u00a0Vanilline\u00a0\u00bb.<\/p>\n<p>Conditions de stockage : Stocker dans un endroit sec et frais \u00e0 une temp\u00e9rature de 18\u00b0C et une humidit\u00e9 relative ne d\u00e9passant pas 70%.<\/p>\n<p>Dur\u00e9e de conservation : 6 mois. Produit certifi\u00e9.<br \/>\nNe contient pas d&rsquo;OGM.<\/p>\n","protected":false},"excerpt":{"rendered":"<div class=\"elementor-element elementor-element-2cce439 elementor-widget__width-initial elementor-widget elementor-widget-woocommerce-product-short-description\" data-id=\"2cce439\" data-element_type=\"widget\" data-widget_type=\"woocommerce-product-short-description.default\">\n<div class=\"elementor-widget-container\">\n<div class=\"woocommerce-product-details__short-description\">\n<p>Le prix indiqu\u00e9 est pour 1 bo\u00eete.<\/p>\n<p>Bo\u00eete de b\u00e2tonnets de chocolat 1400 g.<\/p>\n<p>400 bo\u00eetes par palette.<\/p>\n<\/div>\n<\/div>\n<\/div>\n","protected":false},"featured_media":15242,"comment_status":"open","ping_status":"closed","template":"","meta":{"_acf_changed":false},"brand":[896],"product_cat":[902],"product_tag":[],"class_list":{"0":"post-15304","1":"product","2":"type-product","3":"status-publish","4":"has-post-thumbnail","6":"brand-balsheker-fr","7":"product_cat-crackers-fr","9":"first","10":"instock","11":"shipping-taxable","12":"purchasable","13":"product-type-simple"},"acf":[],"_links":{"self":[{"href":"https:\/\/turkmenexporter.com\/fr\/wp-json\/wp\/v2\/product\/15304","targetHints":{"allow":["GET"]}}],"collection":[{"href":"https:\/\/turkmenexporter.com\/fr\/wp-json\/wp\/v2\/product"}],"about":[{"href":"https:\/\/turkmenexporter.com\/fr\/wp-json\/wp\/v2\/types\/product"}],"replies":[{"embeddable":true,"href":"https:\/\/turkmenexporter.com\/fr\/wp-json\/wp\/v2\/comments?post=15304"}],"version-history":[{"count":0,"href":"https:\/\/turkmenexporter.com\/fr\/wp-json\/wp\/v2\/product\/15304\/revisions"}],"wp:featuredmedia":[{"embeddable":true,"href":"https:\/\/turkmenexporter.com\/fr\/wp-json\/wp\/v2\/media\/15242"}],"wp:attachment":[{"href":"https:\/\/turkmenexporter.com\/fr\/wp-json\/wp\/v2\/media?parent=15304"}],"wp:term":[{"taxonomy":"brand","embeddable":true,"href":"https:\/\/turkmenexporter.com\/fr\/wp-json\/wp\/v2\/brand?post=15304"},{"taxonomy":"product_cat","embeddable":true,"href":"https:\/\/turkmenexporter.com\/fr\/wp-json\/wp\/v2\/product_cat?post=15304"},{"taxonomy":"product_tag","embeddable":true,"href":"https:\/\/turkmenexporter.com\/fr\/wp-json\/wp\/v2\/product_tag?post=15304"}],"curies":[{"name":"wp","href":"https:\/\/api.w.org\/{rel}","templated":true}]}}