{"id":15305,"date":"2025-04-15T19:54:33","date_gmt":"2025-04-15T14:54:33","guid":{"rendered":"https:\/\/turkmenexporter.com\/product\/balsheker-batons-de-bambou-au-chocolat\/"},"modified":"2025-04-15T19:54:33","modified_gmt":"2025-04-15T14:54:33","slug":"balsheker-batons-de-bambou-au-chocolat","status":"publish","type":"product","link":"https:\/\/turkmenexporter.com\/fr\/produit\/balsheker-batons-de-bambou-au-chocolat\/","title":{"rendered":"\u00ab\u00a0Balsheker\u00a0\u00bb b\u00e2tons de bambou au chocolat"},"content":{"rendered":"<p>Composition du produit : Farine de bl\u00e9 de premi\u00e8re qualit\u00e9, lait en poudre, amidon, sucre en poudre, sel de table, beurre fondu, \u00e9mulsifiant l\u00e9cithine E322, chocolat, ar\u00f4me identique au naturel \u00ab\u00a0Vanilline\u00a0\u00bb.<\/p>\n<p>Conditions de stockage : Stocker dans un endroit sec et frais \u00e0 une temp\u00e9rature de 18\u00b0C et une humidit\u00e9 relative ne d\u00e9passant pas 70%.<\/p>\n<p>Dur\u00e9e de conservation : 6 mois. Produit certifi\u00e9.<br \/>\nNe contient pas d&rsquo;OGM.<\/p>\n","protected":false},"excerpt":{"rendered":"<p>B\u00e2tons de chocolat en bambou 400 g.<\/p>\n<p>9 paquets par bo\u00eete.<\/p>\n<p>108 bo\u00eetes par palette.<\/p>\n<p>Poids brut de la bo\u00eete 4,13 kg.<\/p>\n","protected":false},"featured_media":15234,"comment_status":"open","ping_status":"closed","template":"","meta":{"_acf_changed":false},"brand":[896],"product_cat":[902],"product_tag":[],"class_list":{"0":"post-15305","1":"product","2":"type-product","3":"status-publish","4":"has-post-thumbnail","6":"brand-balsheker-fr","7":"product_cat-crackers-fr","9":"first","10":"instock","11":"shipping-taxable","12":"purchasable","13":"product-type-simple"},"acf":[],"_links":{"self":[{"href":"https:\/\/turkmenexporter.com\/fr\/wp-json\/wp\/v2\/product\/15305","targetHints":{"allow":["GET"]}}],"collection":[{"href":"https:\/\/turkmenexporter.com\/fr\/wp-json\/wp\/v2\/product"}],"about":[{"href":"https:\/\/turkmenexporter.com\/fr\/wp-json\/wp\/v2\/types\/product"}],"replies":[{"embeddable":true,"href":"https:\/\/turkmenexporter.com\/fr\/wp-json\/wp\/v2\/comments?post=15305"}],"version-history":[{"count":0,"href":"https:\/\/turkmenexporter.com\/fr\/wp-json\/wp\/v2\/product\/15305\/revisions"}],"wp:featuredmedia":[{"embeddable":true,"href":"https:\/\/turkmenexporter.com\/fr\/wp-json\/wp\/v2\/media\/15234"}],"wp:attachment":[{"href":"https:\/\/turkmenexporter.com\/fr\/wp-json\/wp\/v2\/media?parent=15305"}],"wp:term":[{"taxonomy":"brand","embeddable":true,"href":"https:\/\/turkmenexporter.com\/fr\/wp-json\/wp\/v2\/brand?post=15305"},{"taxonomy":"product_cat","embeddable":true,"href":"https:\/\/turkmenexporter.com\/fr\/wp-json\/wp\/v2\/product_cat?post=15305"},{"taxonomy":"product_tag","embeddable":true,"href":"https:\/\/turkmenexporter.com\/fr\/wp-json\/wp\/v2\/product_tag?post=15305"}],"curies":[{"name":"wp","href":"https:\/\/api.w.org\/{rel}","templated":true}]}}