{"id":15312,"date":"2025-04-14T21:39:39","date_gmt":"2025-04-14T16:39:39","guid":{"rendered":"https:\/\/turkmenexporter.com\/product\/kirpi-crackers\/"},"modified":"2025-04-14T21:39:39","modified_gmt":"2025-04-14T16:39:39","slug":"kirpi-crackers","status":"publish","type":"product","link":"https:\/\/turkmenexporter.com\/fr\/produit\/kirpi-crackers\/","title":{"rendered":"Kirpi Crackers"},"content":{"rendered":"<ul>\n<li>20 ct. par bo\u00eete.<\/li>\n<li>Poids brut de la bo\u00eete 2,3 kg.<\/li>\n<li>Dur\u00e9e de conservation : 6 mois.<\/li>\n<\/ul>\n<p>Conserver dans un endroit frais et sec , \u00e0 une temp\u00e9rature ne d\u00e9passant pas 18\u00b0C et \u00e0 une humidit\u00e9 relative ne d\u00e9passant pas 75%.<\/p>\n","protected":false},"excerpt":{"rendered":"<p>Crackers aux saveurs vari\u00e9es 25g.<\/p>\n<p>20 ct. par bo\u00eete. 50 bo\u00eetes par palette. <\/p>\n","protected":false},"featured_media":15169,"comment_status":"open","ping_status":"closed","template":"","meta":{"_acf_changed":false},"brand":[896],"product_cat":[902],"product_tag":[848],"class_list":{"0":"post-15312","1":"product","2":"type-product","3":"status-publish","4":"has-post-thumbnail","6":"brand-balsheker-fr","7":"product_cat-crackers-fr","8":"product_tag-front-product-fr","10":"first","11":"instock","12":"shipping-taxable","13":"purchasable","14":"product-type-variable","15":"has-default-attributes"},"acf":[],"_links":{"self":[{"href":"https:\/\/turkmenexporter.com\/fr\/wp-json\/wp\/v2\/product\/15312","targetHints":{"allow":["GET"]}}],"collection":[{"href":"https:\/\/turkmenexporter.com\/fr\/wp-json\/wp\/v2\/product"}],"about":[{"href":"https:\/\/turkmenexporter.com\/fr\/wp-json\/wp\/v2\/types\/product"}],"replies":[{"embeddable":true,"href":"https:\/\/turkmenexporter.com\/fr\/wp-json\/wp\/v2\/comments?post=15312"}],"version-history":[{"count":0,"href":"https:\/\/turkmenexporter.com\/fr\/wp-json\/wp\/v2\/product\/15312\/revisions"}],"wp:featuredmedia":[{"embeddable":true,"href":"https:\/\/turkmenexporter.com\/fr\/wp-json\/wp\/v2\/media\/15169"}],"wp:attachment":[{"href":"https:\/\/turkmenexporter.com\/fr\/wp-json\/wp\/v2\/media?parent=15312"}],"wp:term":[{"taxonomy":"brand","embeddable":true,"href":"https:\/\/turkmenexporter.com\/fr\/wp-json\/wp\/v2\/brand?post=15312"},{"taxonomy":"product_cat","embeddable":true,"href":"https:\/\/turkmenexporter.com\/fr\/wp-json\/wp\/v2\/product_cat?post=15312"},{"taxonomy":"product_tag","embeddable":true,"href":"https:\/\/turkmenexporter.com\/fr\/wp-json\/wp\/v2\/product_tag?post=15312"}],"curies":[{"name":"wp","href":"https:\/\/api.w.org\/{rel}","templated":true}]}}