{"id":15319,"date":"2025-04-12T20:36:09","date_gmt":"2025-04-12T15:36:09","guid":{"rendered":"https:\/\/turkmenexporter.com\/product\/sirop-de-kenton\/"},"modified":"2025-04-12T20:36:09","modified_gmt":"2025-04-12T15:36:09","slug":"sirop-de-kenton","status":"publish","type":"product","link":"https:\/\/turkmenexporter.com\/fr\/produit\/sirop-de-kenton\/","title":{"rendered":"Sirop de Kenton"},"content":{"rendered":"<div dir=\"auto\">Sirop Kenton &#8211; Un sirop riche et onctueux id\u00e9al pour les desserts et les cr\u00eapes. Il apporte une douceur et une brillance parfaites. Id\u00e9al pour un usage domestique ou professionnel !  <\/div>\n<div dir=\"auto\">\n<ul>\n<li dir=\"auto\">Le produit est certifi\u00e9.<\/li>\n<li dir=\"auto\">Ne contient pas d&rsquo;OGM.<\/li>\n<li dir=\"auto\">Dur\u00e9e de conservation : 6 mois.<\/li>\n<\/ul>\n<p>Conserver dans un endroit frais et sec, \u00e0 une temp\u00e9rature ne d\u00e9passant pas 22\u00b0C et \u00e0 une humidit\u00e9 relative ne d\u00e9passant pas 75%.<\/p>\n<\/div>\n","protected":false},"excerpt":{"rendered":"<p>Sirop avec diff\u00e9rents parfums 500 ml.<\/p>\n<p>6 ct. par bo\u00eete. Poids brut de la bo\u00eete : 6,5 kg. <\/p>\n","protected":false},"featured_media":15108,"comment_status":"open","ping_status":"closed","template":"","meta":{"_acf_changed":false},"brand":[1015],"product_cat":[981],"product_tag":[],"class_list":{"0":"post-15319","1":"product","2":"type-product","3":"status-publish","4":"has-post-thumbnail","6":"brand-kenton-fr","7":"product_cat-additifs-alimentaires","9":"first","10":"instock","11":"shipping-taxable","12":"purchasable","13":"product-type-variable","14":"has-default-attributes"},"acf":[],"_links":{"self":[{"href":"https:\/\/turkmenexporter.com\/fr\/wp-json\/wp\/v2\/product\/15319","targetHints":{"allow":["GET"]}}],"collection":[{"href":"https:\/\/turkmenexporter.com\/fr\/wp-json\/wp\/v2\/product"}],"about":[{"href":"https:\/\/turkmenexporter.com\/fr\/wp-json\/wp\/v2\/types\/product"}],"replies":[{"embeddable":true,"href":"https:\/\/turkmenexporter.com\/fr\/wp-json\/wp\/v2\/comments?post=15319"}],"version-history":[{"count":0,"href":"https:\/\/turkmenexporter.com\/fr\/wp-json\/wp\/v2\/product\/15319\/revisions"}],"wp:featuredmedia":[{"embeddable":true,"href":"https:\/\/turkmenexporter.com\/fr\/wp-json\/wp\/v2\/media\/15108"}],"wp:attachment":[{"href":"https:\/\/turkmenexporter.com\/fr\/wp-json\/wp\/v2\/media?parent=15319"}],"wp:term":[{"taxonomy":"brand","embeddable":true,"href":"https:\/\/turkmenexporter.com\/fr\/wp-json\/wp\/v2\/brand?post=15319"},{"taxonomy":"product_cat","embeddable":true,"href":"https:\/\/turkmenexporter.com\/fr\/wp-json\/wp\/v2\/product_cat?post=15319"},{"taxonomy":"product_tag","embeddable":true,"href":"https:\/\/turkmenexporter.com\/fr\/wp-json\/wp\/v2\/product_tag?post=15319"}],"curies":[{"name":"wp","href":"https:\/\/api.w.org\/{rel}","templated":true}]}}