{"id":15325,"date":"2025-04-12T19:52:15","date_gmt":"2025-04-12T14:52:15","guid":{"rendered":"https:\/\/turkmenexporter.com\/product\/kirpi-jellybon\/"},"modified":"2025-04-12T19:52:15","modified_gmt":"2025-04-12T14:52:15","slug":"kirpi-jellybon","status":"publish","type":"product","link":"https:\/\/turkmenexporter.com\/fr\/produit\/kirpi-jellybon\/","title":{"rendered":"Kirpi Jellybon"},"content":{"rendered":"<div dir=\"auto\">Kirpi Jellybon Jelly &#8211; Bonbons g\u00e9lifi\u00e9s color\u00e9s et fruit\u00e9s \u00e0 la texture douce et aux saveurs vari\u00e9es. Une friandise appr\u00e9ci\u00e9e par tous les \u00e2ges. Id\u00e9al pour la vente au d\u00e9tail et en gros !  <\/div>\n<ul>\n<li dir=\"auto\">Le produit est certifi\u00e9.<\/li>\n<li dir=\"auto\">Ne contient pas d&rsquo;OGM.<\/li>\n<li dir=\"auto\">Dur\u00e9e de conservation : 24 mois.<\/li>\n<\/ul>\n<p>Conserver dans un endroit frais et sec , \u00e0 une temp\u00e9rature ne d\u00e9passant pas 18\u00b0C et \u00e0 une humidit\u00e9 relative ne d\u00e9passant pas 75%.<\/p>\n","protected":false},"excerpt":{"rendered":"<p>Gel\u00e9e de fruits avec diff\u00e9rents parfums 25 g.<\/p>\n<ul>\n<li>32 ct. par bo\u00eete.<\/li>\n<li>Poids brut de la bo\u00eete 900 g.<\/li>\n<\/ul>\n","protected":false},"featured_media":15050,"comment_status":"open","ping_status":"closed","template":"","meta":{"_acf_changed":false},"brand":[896],"product_cat":[964],"product_tag":[],"class_list":{"0":"post-15325","1":"product","2":"type-product","3":"status-publish","4":"has-post-thumbnail","6":"brand-balsheker-fr","7":"product_cat-marmelades","9":"first","10":"instock","11":"shipping-taxable","12":"purchasable","13":"product-type-variable","14":"has-default-attributes"},"acf":[],"_links":{"self":[{"href":"https:\/\/turkmenexporter.com\/fr\/wp-json\/wp\/v2\/product\/15325","targetHints":{"allow":["GET"]}}],"collection":[{"href":"https:\/\/turkmenexporter.com\/fr\/wp-json\/wp\/v2\/product"}],"about":[{"href":"https:\/\/turkmenexporter.com\/fr\/wp-json\/wp\/v2\/types\/product"}],"replies":[{"embeddable":true,"href":"https:\/\/turkmenexporter.com\/fr\/wp-json\/wp\/v2\/comments?post=15325"}],"version-history":[{"count":0,"href":"https:\/\/turkmenexporter.com\/fr\/wp-json\/wp\/v2\/product\/15325\/revisions"}],"wp:featuredmedia":[{"embeddable":true,"href":"https:\/\/turkmenexporter.com\/fr\/wp-json\/wp\/v2\/media\/15050"}],"wp:attachment":[{"href":"https:\/\/turkmenexporter.com\/fr\/wp-json\/wp\/v2\/media?parent=15325"}],"wp:term":[{"taxonomy":"brand","embeddable":true,"href":"https:\/\/turkmenexporter.com\/fr\/wp-json\/wp\/v2\/brand?post=15325"},{"taxonomy":"product_cat","embeddable":true,"href":"https:\/\/turkmenexporter.com\/fr\/wp-json\/wp\/v2\/product_cat?post=15325"},{"taxonomy":"product_tag","embeddable":true,"href":"https:\/\/turkmenexporter.com\/fr\/wp-json\/wp\/v2\/product_tag?post=15325"}],"curies":[{"name":"wp","href":"https:\/\/api.w.org\/{rel}","templated":true}]}}