{"id":15329,"date":"2025-04-11T21:20:47","date_gmt":"2025-04-11T16:20:47","guid":{"rendered":"https:\/\/turkmenexporter.com\/product\/ballbon-bonbons-au-caramel-2\/"},"modified":"2025-04-16T21:40:07","modified_gmt":"2025-04-16T16:40:07","slug":"ballbon-bonbons-au-caramel-2","status":"publish","type":"product","link":"https:\/\/turkmenexporter.com\/fr\/produit\/ballbon-bonbons-au-caramel-2\/","title":{"rendered":"BALLBON Bonbons au caramel"},"content":{"rendered":"<ul>\n<li>6 ct. par bo\u00eete.<\/li>\n<li>Poids brut de la bo\u00eete 6,4 kg.<\/li>\n<li>Dur\u00e9e de conservation : 6 mois.<\/li>\n<\/ul>\n<p>Conserver dans un endroit frais et sec , \u00e0 une temp\u00e9rature ne d\u00e9passant pas 18\u00b0C et \u00e0 une humidit\u00e9 relative ne d\u00e9passant pas 75%.<\/p>\n","protected":false},"excerpt":{"rendered":"<p>Un emballage de bonbons au caramel avec diff\u00e9rents parfums.<\/p>\n<p>6 ct. par bo\u00eete. 99 bo\u00eetes <span class=\"Y2IQFc\" lang=\"en\">par palette.<\/span> <\/p>\n","protected":false},"featured_media":15006,"comment_status":"open","ping_status":"closed","template":"","meta":{"_acf_changed":false},"brand":[896],"product_cat":[297],"product_tag":[],"class_list":{"0":"post-15329","1":"product","2":"type-product","3":"status-publish","4":"has-post-thumbnail","6":"brand-balsheker-fr","7":"product_cat-bonbons","9":"first","10":"instock","11":"shipping-taxable","12":"purchasable","13":"product-type-variable","14":"has-default-attributes"},"acf":[],"_links":{"self":[{"href":"https:\/\/turkmenexporter.com\/fr\/wp-json\/wp\/v2\/product\/15329","targetHints":{"allow":["GET"]}}],"collection":[{"href":"https:\/\/turkmenexporter.com\/fr\/wp-json\/wp\/v2\/product"}],"about":[{"href":"https:\/\/turkmenexporter.com\/fr\/wp-json\/wp\/v2\/types\/product"}],"replies":[{"embeddable":true,"href":"https:\/\/turkmenexporter.com\/fr\/wp-json\/wp\/v2\/comments?post=15329"}],"version-history":[{"count":1,"href":"https:\/\/turkmenexporter.com\/fr\/wp-json\/wp\/v2\/product\/15329\/revisions"}],"predecessor-version":[{"id":15552,"href":"https:\/\/turkmenexporter.com\/fr\/wp-json\/wp\/v2\/product\/15329\/revisions\/15552"}],"wp:featuredmedia":[{"embeddable":true,"href":"https:\/\/turkmenexporter.com\/fr\/wp-json\/wp\/v2\/media\/15006"}],"wp:attachment":[{"href":"https:\/\/turkmenexporter.com\/fr\/wp-json\/wp\/v2\/media?parent=15329"}],"wp:term":[{"taxonomy":"brand","embeddable":true,"href":"https:\/\/turkmenexporter.com\/fr\/wp-json\/wp\/v2\/brand?post=15329"},{"taxonomy":"product_cat","embeddable":true,"href":"https:\/\/turkmenexporter.com\/fr\/wp-json\/wp\/v2\/product_cat?post=15329"},{"taxonomy":"product_tag","embeddable":true,"href":"https:\/\/turkmenexporter.com\/fr\/wp-json\/wp\/v2\/product_tag?post=15329"}],"curies":[{"name":"wp","href":"https:\/\/api.w.org\/{rel}","templated":true}]}}