{"id":15334,"date":"2025-04-11T20:21:26","date_gmt":"2025-04-11T15:21:26","guid":{"rendered":"https:\/\/turkmenexporter.com\/product\/balsheker-kissel\/"},"modified":"2025-04-11T20:21:26","modified_gmt":"2025-04-11T15:21:26","slug":"balsheker-kissel","status":"publish","type":"product","link":"https:\/\/turkmenexporter.com\/fr\/produit\/balsheker-kissel\/","title":{"rendered":"Balsheker Kissel"},"content":{"rendered":"<ul>\n<li>48 pi\u00e8ces par bo\u00eete.<\/li>\n<li>Poids brut de la bo\u00eete 8,84 kg.<\/li>\n<li>Dur\u00e9e de conservation : 12 mois.<\/li>\n<\/ul>\n<p>Conserver dans un endroit frais et sec, \u00e0 une temp\u00e9rature ne d\u00e9passant pas 20\u00b0C et \u00e0 une humidit\u00e9 relative ne d\u00e9passant pas 75%.<\/p>\n","protected":false},"excerpt":{"rendered":"<p>Kissel aux diff\u00e9rentes saveurs 160g<\/p>\n<p>48 ct. par bo\u00eete. 70 bo\u00eetes <span class=\"Y2IQFc\" lang=\"en\">par palette.<\/span> <\/p>\n","protected":false},"featured_media":14954,"comment_status":"open","ping_status":"closed","template":"","meta":{"_acf_changed":false},"brand":[896],"product_cat":[981],"product_tag":[],"class_list":{"0":"post-15334","1":"product","2":"type-product","3":"status-publish","4":"has-post-thumbnail","6":"brand-balsheker-fr","7":"product_cat-additifs-alimentaires","9":"first","10":"instock","11":"shipping-taxable","12":"purchasable","13":"product-type-variable","14":"has-default-attributes"},"acf":[],"_links":{"self":[{"href":"https:\/\/turkmenexporter.com\/fr\/wp-json\/wp\/v2\/product\/15334","targetHints":{"allow":["GET"]}}],"collection":[{"href":"https:\/\/turkmenexporter.com\/fr\/wp-json\/wp\/v2\/product"}],"about":[{"href":"https:\/\/turkmenexporter.com\/fr\/wp-json\/wp\/v2\/types\/product"}],"replies":[{"embeddable":true,"href":"https:\/\/turkmenexporter.com\/fr\/wp-json\/wp\/v2\/comments?post=15334"}],"version-history":[{"count":0,"href":"https:\/\/turkmenexporter.com\/fr\/wp-json\/wp\/v2\/product\/15334\/revisions"}],"wp:featuredmedia":[{"embeddable":true,"href":"https:\/\/turkmenexporter.com\/fr\/wp-json\/wp\/v2\/media\/14954"}],"wp:attachment":[{"href":"https:\/\/turkmenexporter.com\/fr\/wp-json\/wp\/v2\/media?parent=15334"}],"wp:term":[{"taxonomy":"brand","embeddable":true,"href":"https:\/\/turkmenexporter.com\/fr\/wp-json\/wp\/v2\/brand?post=15334"},{"taxonomy":"product_cat","embeddable":true,"href":"https:\/\/turkmenexporter.com\/fr\/wp-json\/wp\/v2\/product_cat?post=15334"},{"taxonomy":"product_tag","embeddable":true,"href":"https:\/\/turkmenexporter.com\/fr\/wp-json\/wp\/v2\/product_tag?post=15334"}],"curies":[{"name":"wp","href":"https:\/\/api.w.org\/{rel}","templated":true}]}}