{"id":15847,"date":"2025-05-02T16:04:29","date_gmt":"2025-05-02T11:04:29","guid":{"rendered":"https:\/\/turkmenexporter.com\/product\/nesil-cafe-classique\/"},"modified":"2025-11-30T16:01:06","modified_gmt":"2025-11-30T11:01:06","slug":"nesil-cafe-classique","status":"publish","type":"product","link":"https:\/\/turkmenexporter.com\/fr\/produit\/nesil-cafe-classique\/","title":{"rendered":"Nesil Caf\u00e9 Classique"},"content":{"rendered":"<p>Composition du produit: 100% de grains entiers naturels. Un m\u00e9lange unique des meilleures vari\u00e9t\u00e9s d&rsquo;Arabica et de Robusta. Ar\u00f4me de caf\u00e9 riche et moyennement torr\u00e9fi\u00e9. Parfait pour les amateurs de caf\u00e9 classique.<\/p>\n<p>Conditions de stockage: \u00e0 une temp\u00e9rature comprise entre 0\u00b0C et + 20\u00b0C et \u00e0 une humidit\u00e9 relative ne d\u00e9passant pas 75%.<\/p>\n<p>Dur\u00e9e de conservation : 24 mois<\/p>\n<p>Produit certifi\u00e9. Ne contient pas d&rsquo;OGM.<\/p>\n","protected":false},"excerpt":{"rendered":"<p>\u00ab Classique \u00bb torr\u00e9fi\u00e9 caf\u00e9 grains 1 kg.<\/p>\n<p>8 paquets par bo\u00eete. <\/p>\n<p>64 bo\u00eetes par palette.<\/p>\n<p>Poids de la bo\u00eete : 8 kg.<\/p>\n","protected":false},"featured_media":15762,"comment_status":"open","ping_status":"closed","template":"","meta":{"_acf_changed":false},"brand":[1255],"product_cat":[729],"product_tag":[848],"class_list":{"0":"post-15847","1":"product","2":"type-product","3":"status-publish","4":"has-post-thumbnail","6":"brand-nesil-coffee-fr","7":"product_cat-cafe","8":"product_tag-front-product-fr","10":"first","11":"instock","12":"shipping-taxable","13":"purchasable","14":"product-type-simple"},"acf":[],"_links":{"self":[{"href":"https:\/\/turkmenexporter.com\/fr\/wp-json\/wp\/v2\/product\/15847","targetHints":{"allow":["GET"]}}],"collection":[{"href":"https:\/\/turkmenexporter.com\/fr\/wp-json\/wp\/v2\/product"}],"about":[{"href":"https:\/\/turkmenexporter.com\/fr\/wp-json\/wp\/v2\/types\/product"}],"replies":[{"embeddable":true,"href":"https:\/\/turkmenexporter.com\/fr\/wp-json\/wp\/v2\/comments?post=15847"}],"version-history":[{"count":2,"href":"https:\/\/turkmenexporter.com\/fr\/wp-json\/wp\/v2\/product\/15847\/revisions"}],"predecessor-version":[{"id":19976,"href":"https:\/\/turkmenexporter.com\/fr\/wp-json\/wp\/v2\/product\/15847\/revisions\/19976"}],"wp:featuredmedia":[{"embeddable":true,"href":"https:\/\/turkmenexporter.com\/fr\/wp-json\/wp\/v2\/media\/15762"}],"wp:attachment":[{"href":"https:\/\/turkmenexporter.com\/fr\/wp-json\/wp\/v2\/media?parent=15847"}],"wp:term":[{"taxonomy":"brand","embeddable":true,"href":"https:\/\/turkmenexporter.com\/fr\/wp-json\/wp\/v2\/brand?post=15847"},{"taxonomy":"product_cat","embeddable":true,"href":"https:\/\/turkmenexporter.com\/fr\/wp-json\/wp\/v2\/product_cat?post=15847"},{"taxonomy":"product_tag","embeddable":true,"href":"https:\/\/turkmenexporter.com\/fr\/wp-json\/wp\/v2\/product_tag?post=15847"}],"curies":[{"name":"wp","href":"https:\/\/api.w.org\/{rel}","templated":true}]}}