{"id":15848,"date":"2025-05-02T16:04:29","date_gmt":"2025-05-02T11:04:29","guid":{"rendered":"https:\/\/turkmenexporter.com\/product\/cafe-nesil-3-en-1-latte-a-la-vanille\/"},"modified":"2025-05-02T16:04:29","modified_gmt":"2025-05-02T11:04:29","slug":"cafe-nesil-3-en-1-latte-a-la-vanille","status":"publish","type":"product","link":"https:\/\/turkmenexporter.com\/fr\/produit\/cafe-nesil-3-en-1-latte-a-la-vanille\/","title":{"rendered":"Caf\u00e9 Nesil \u00ab\u00a03 en 1\u00a0\u00bb Latte \u00e0 la vanille"},"content":{"rendered":"<p>Composition du produit: Caf\u00e9 instantan\u00e9 en poudre, sucre en poudre, graisse v\u00e9g\u00e9tale en poudre, maltodextrine, agent moussant\u00a0\u00bbMoka\u00a0\u00bb,\u00a0\u00bb dioxyde desilicium \u00ab\u00a0, ar\u00f4me\u00a0\u00bb vanillelact\u00e9e \u00a0\u00bb en poudre.<\/p>\n<p>Conditions de stockage: \u00e0 une temp\u00e9rature comprise entre 0\u00b0C et + 20\u00b0C et \u00e0 une humidit\u00e9 relative ne d\u00e9passant pas 75%.<\/p>\n<p>Dur\u00e9e de conservation : 24 mois<\/p>\n<p>Produit certifi\u00e9. Ne contient pas d&rsquo;OGM.<\/p>\n","protected":false},"excerpt":{"rendered":"<p>Caf\u00e9 instantan\u00e9 \u00ab\u00a03 en 1\u00a0\u00bb vanille latte 20 g.<\/p>\n<p>20 pcs par paquet.<\/p>\n<p>6 paquets par bo\u00eete.<\/p>\n<p>80 bo\u00eetes par palette.<\/p>\n<p>Poids de l&#8217;emballage : 0,4 kg<\/p>\n<p>Poids de la bo\u00eete : 2,4 kg<\/p>\n","protected":false},"featured_media":15810,"comment_status":"open","ping_status":"closed","template":"","meta":{"_acf_changed":false},"brand":[1255],"product_cat":[729],"product_tag":[],"class_list":{"0":"post-15848","1":"product","2":"type-product","3":"status-publish","4":"has-post-thumbnail","6":"brand-nesil-coffee-fr","7":"product_cat-cafe","9":"first","10":"instock","11":"shipping-taxable","12":"purchasable","13":"product-type-simple"},"acf":[],"_links":{"self":[{"href":"https:\/\/turkmenexporter.com\/fr\/wp-json\/wp\/v2\/product\/15848","targetHints":{"allow":["GET"]}}],"collection":[{"href":"https:\/\/turkmenexporter.com\/fr\/wp-json\/wp\/v2\/product"}],"about":[{"href":"https:\/\/turkmenexporter.com\/fr\/wp-json\/wp\/v2\/types\/product"}],"replies":[{"embeddable":true,"href":"https:\/\/turkmenexporter.com\/fr\/wp-json\/wp\/v2\/comments?post=15848"}],"version-history":[{"count":0,"href":"https:\/\/turkmenexporter.com\/fr\/wp-json\/wp\/v2\/product\/15848\/revisions"}],"wp:featuredmedia":[{"embeddable":true,"href":"https:\/\/turkmenexporter.com\/fr\/wp-json\/wp\/v2\/media\/15810"}],"wp:attachment":[{"href":"https:\/\/turkmenexporter.com\/fr\/wp-json\/wp\/v2\/media?parent=15848"}],"wp:term":[{"taxonomy":"brand","embeddable":true,"href":"https:\/\/turkmenexporter.com\/fr\/wp-json\/wp\/v2\/brand?post=15848"},{"taxonomy":"product_cat","embeddable":true,"href":"https:\/\/turkmenexporter.com\/fr\/wp-json\/wp\/v2\/product_cat?post=15848"},{"taxonomy":"product_tag","embeddable":true,"href":"https:\/\/turkmenexporter.com\/fr\/wp-json\/wp\/v2\/product_tag?post=15848"}],"curies":[{"name":"wp","href":"https:\/\/api.w.org\/{rel}","templated":true}]}}