{"id":15851,"date":"2025-05-02T16:04:25","date_gmt":"2025-05-02T11:04:25","guid":{"rendered":"https:\/\/turkmenexporter.com\/product\/cafe-nesil-espresso\/"},"modified":"2025-11-30T16:01:05","modified_gmt":"2025-11-30T11:01:05","slug":"nesil-cafe-expresso","status":"publish","type":"product","link":"https:\/\/turkmenexporter.com\/fr\/produit\/nesil-cafe-expresso\/","title":{"rendered":"Caf\u00e9 Nesil Espresso"},"content":{"rendered":"<p>Composition du produit: 100% de grains entiers naturels. Un m\u00e9lange unique des meilleures vari\u00e9t\u00e9s d&rsquo;Arabica et de Robusta. Fort torr\u00e9fi\u00e9, parfait pour les amateurs de caf\u00e9 fort.<\/p>\n<p>Conditions de stockage: \u00e0 une temp\u00e9rature comprise entre 0\u00b0C et + 20\u00b0C et \u00e0 une humidit\u00e9 relative ne d\u00e9passant pas 75%.<\/p>\n<p>Dur\u00e9e de conservation : 24 mois<\/p>\n<p>Produit certifi\u00e9. Ne contient pas d&rsquo;OGM.<\/p>\n","protected":false},"excerpt":{"rendered":"<p>Grains de caf\u00e9 torr\u00e9fi\u00e9s \u00ab Espresso \u00bb 1 kg.<\/p>\n<p>8 paquets par bo\u00eete.<\/p>\n<p>64 bo\u00eetes par palette.<\/p>\n<p>Poids de la bo\u00eete : 8 kg.<\/p>\n","protected":false},"featured_media":15768,"comment_status":"open","ping_status":"closed","template":"","meta":{"_acf_changed":false},"brand":[1255],"product_cat":[729],"product_tag":[],"class_list":{"0":"post-15851","1":"product","2":"type-product","3":"status-publish","4":"has-post-thumbnail","6":"brand-nesil-coffee-fr","7":"product_cat-cafe","9":"first","10":"instock","11":"shipping-taxable","12":"purchasable","13":"product-type-simple"},"acf":[],"_links":{"self":[{"href":"https:\/\/turkmenexporter.com\/fr\/wp-json\/wp\/v2\/product\/15851","targetHints":{"allow":["GET"]}}],"collection":[{"href":"https:\/\/turkmenexporter.com\/fr\/wp-json\/wp\/v2\/product"}],"about":[{"href":"https:\/\/turkmenexporter.com\/fr\/wp-json\/wp\/v2\/types\/product"}],"replies":[{"embeddable":true,"href":"https:\/\/turkmenexporter.com\/fr\/wp-json\/wp\/v2\/comments?post=15851"}],"version-history":[{"count":1,"href":"https:\/\/turkmenexporter.com\/fr\/wp-json\/wp\/v2\/product\/15851\/revisions"}],"predecessor-version":[{"id":19974,"href":"https:\/\/turkmenexporter.com\/fr\/wp-json\/wp\/v2\/product\/15851\/revisions\/19974"}],"wp:featuredmedia":[{"embeddable":true,"href":"https:\/\/turkmenexporter.com\/fr\/wp-json\/wp\/v2\/media\/15768"}],"wp:attachment":[{"href":"https:\/\/turkmenexporter.com\/fr\/wp-json\/wp\/v2\/media?parent=15851"}],"wp:term":[{"taxonomy":"brand","embeddable":true,"href":"https:\/\/turkmenexporter.com\/fr\/wp-json\/wp\/v2\/brand?post=15851"},{"taxonomy":"product_cat","embeddable":true,"href":"https:\/\/turkmenexporter.com\/fr\/wp-json\/wp\/v2\/product_cat?post=15851"},{"taxonomy":"product_tag","embeddable":true,"href":"https:\/\/turkmenexporter.com\/fr\/wp-json\/wp\/v2\/product_tag?post=15851"}],"curies":[{"name":"wp","href":"https:\/\/api.w.org\/{rel}","templated":true}]}}