{"id":15853,"date":"2025-05-02T16:04:21","date_gmt":"2025-05-02T11:04:21","guid":{"rendered":"https:\/\/turkmenexporter.com\/product\/nesil-cafe-3-en-1-cappuccino\/"},"modified":"2025-06-12T17:12:39","modified_gmt":"2025-06-12T12:12:39","slug":"nesil-cafe-3-en-1-cappuccino","status":"publish","type":"product","link":"https:\/\/turkmenexporter.com\/fr\/produit\/nesil-cafe-3-en-1-cappuccino\/","title":{"rendered":"Caf\u00e9 Nesil &lsquo;3 en 1&rsquo; Cappuccino"},"content":{"rendered":"<p>Composition du produit : Caf\u00e9 instantan\u00e9 en poudre, sucre en poudre, huile v\u00e9g\u00e9tale en poudre, maltodextrine, agent moussant \u00ab\u00a0Moka\u00a0\u00bb, \u00ab\u00a0dioxyde de silicium\u00a0\u00bb, agent aromatique en poudre \u00ab\u00a0lait concentr\u00e9\u00a0\u00bb.<\/p>\n<p>Conditions de stockage: \u00e0 une temp\u00e9rature comprise entre 0\u00b0C et + 20\u00b0C et \u00e0 une humidit\u00e9 relative ne d\u00e9passant pas 75%.<\/p>\n<p>Dur\u00e9e de conservation : 24 mois<\/p>\n<p>Produit certifi\u00e9. Ne contient pas d&rsquo;OGM.<\/p>\n","protected":false},"excerpt":{"rendered":"<p>Caf\u00e9 instantan\u00e9 \u00ab\u00a03 en 1\u00a0\u00bb cappuccino 20 g.<\/p>\n<p>20 pcs par paquet.<\/p>\n<p>6 paquets par bo\u00eete.<\/p>\n<p>80 bo\u00eetes par palette.<\/p>\n<p>Poids de l&#8217;emballage : 0,4 kg<\/p>\n<p>Poids de la bo\u00eete : 2,4 kg<\/p>\n","protected":false},"featured_media":15744,"comment_status":"open","ping_status":"closed","template":"","meta":{"_acf_changed":false},"brand":[1255],"product_cat":[729],"product_tag":[848],"class_list":{"0":"post-15853","1":"product","2":"type-product","3":"status-publish","4":"has-post-thumbnail","6":"brand-nesil-coffee-fr","7":"product_cat-cafe","8":"product_tag-front-product-fr","10":"first","11":"instock","12":"shipping-taxable","13":"purchasable","14":"product-type-simple"},"acf":[],"_links":{"self":[{"href":"https:\/\/turkmenexporter.com\/fr\/wp-json\/wp\/v2\/product\/15853","targetHints":{"allow":["GET"]}}],"collection":[{"href":"https:\/\/turkmenexporter.com\/fr\/wp-json\/wp\/v2\/product"}],"about":[{"href":"https:\/\/turkmenexporter.com\/fr\/wp-json\/wp\/v2\/types\/product"}],"replies":[{"embeddable":true,"href":"https:\/\/turkmenexporter.com\/fr\/wp-json\/wp\/v2\/comments?post=15853"}],"version-history":[{"count":1,"href":"https:\/\/turkmenexporter.com\/fr\/wp-json\/wp\/v2\/product\/15853\/revisions"}],"predecessor-version":[{"id":16567,"href":"https:\/\/turkmenexporter.com\/fr\/wp-json\/wp\/v2\/product\/15853\/revisions\/16567"}],"wp:featuredmedia":[{"embeddable":true,"href":"https:\/\/turkmenexporter.com\/fr\/wp-json\/wp\/v2\/media\/15744"}],"wp:attachment":[{"href":"https:\/\/turkmenexporter.com\/fr\/wp-json\/wp\/v2\/media?parent=15853"}],"wp:term":[{"taxonomy":"brand","embeddable":true,"href":"https:\/\/turkmenexporter.com\/fr\/wp-json\/wp\/v2\/brand?post=15853"},{"taxonomy":"product_cat","embeddable":true,"href":"https:\/\/turkmenexporter.com\/fr\/wp-json\/wp\/v2\/product_cat?post=15853"},{"taxonomy":"product_tag","embeddable":true,"href":"https:\/\/turkmenexporter.com\/fr\/wp-json\/wp\/v2\/product_tag?post=15853"}],"curies":[{"name":"wp","href":"https:\/\/api.w.org\/{rel}","templated":true}]}}