{"id":15873,"date":"2025-04-24T18:09:42","date_gmt":"2025-04-24T13:09:42","guid":{"rendered":"https:\/\/turkmenexporter.com\/product\/chaussettes-feminines-sans-couture-pour-un-confort-tout-au-long-de-la-journee\/"},"modified":"2025-04-24T18:09:42","modified_gmt":"2025-04-24T13:09:42","slug":"chaussettes-feminines-sans-couture-pour-un-confort-tout-au-long-de-la-journee","status":"publish","type":"product","link":"https:\/\/turkmenexporter.com\/fr\/produit\/chaussettes-feminines-sans-couture-pour-un-confort-tout-au-long-de-la-journee\/","title":{"rendered":"Chaussettes habill\u00e9es sans coutures pour femmes, pour un confort tout au long de la journ\u00e9e"},"content":{"rendered":"<p>80 % coton<\/p>\n<p>16 % polyamide<\/p>\n<p>4 % \u00e9lasthanne<\/p>\n<p>Tailles : 36-40<\/p>\n","protected":false},"excerpt":{"rendered":"<p>Chaussettes en coton de haute qualit\u00e9.<\/p>\n<p>Toute modification de la conception, de la taille et du contenu peut \u00eatre n\u00e9goci\u00e9e. <\/p>\n","protected":false},"featured_media":12906,"comment_status":"open","ping_status":"closed","template":"","meta":{"_acf_changed":false},"brand":[1047],"product_cat":[1042],"product_tag":[],"class_list":{"0":"post-15873","1":"product","2":"type-product","3":"status-publish","4":"has-post-thumbnail","6":"brand-batly-gadam-fr","7":"product_cat-chaussettes","9":"first","10":"instock","11":"shipping-taxable","12":"purchasable","13":"product-type-simple"},"acf":[],"_links":{"self":[{"href":"https:\/\/turkmenexporter.com\/fr\/wp-json\/wp\/v2\/product\/15873","targetHints":{"allow":["GET"]}}],"collection":[{"href":"https:\/\/turkmenexporter.com\/fr\/wp-json\/wp\/v2\/product"}],"about":[{"href":"https:\/\/turkmenexporter.com\/fr\/wp-json\/wp\/v2\/types\/product"}],"replies":[{"embeddable":true,"href":"https:\/\/turkmenexporter.com\/fr\/wp-json\/wp\/v2\/comments?post=15873"}],"version-history":[{"count":0,"href":"https:\/\/turkmenexporter.com\/fr\/wp-json\/wp\/v2\/product\/15873\/revisions"}],"wp:featuredmedia":[{"embeddable":true,"href":"https:\/\/turkmenexporter.com\/fr\/wp-json\/wp\/v2\/media\/12906"}],"wp:attachment":[{"href":"https:\/\/turkmenexporter.com\/fr\/wp-json\/wp\/v2\/media?parent=15873"}],"wp:term":[{"taxonomy":"brand","embeddable":true,"href":"https:\/\/turkmenexporter.com\/fr\/wp-json\/wp\/v2\/brand?post=15873"},{"taxonomy":"product_cat","embeddable":true,"href":"https:\/\/turkmenexporter.com\/fr\/wp-json\/wp\/v2\/product_cat?post=15873"},{"taxonomy":"product_tag","embeddable":true,"href":"https:\/\/turkmenexporter.com\/fr\/wp-json\/wp\/v2\/product_tag?post=15873"}],"curies":[{"name":"wp","href":"https:\/\/api.w.org\/{rel}","templated":true}]}}