{"id":15882,"date":"2025-04-24T18:09:39","date_gmt":"2025-04-24T13:09:39","guid":{"rendered":"https:\/\/turkmenexporter.com\/product\/chaussettes-de-noel-chaudes-et-moelleuses-pour-les-femmes\/"},"modified":"2025-04-24T18:09:39","modified_gmt":"2025-04-24T13:09:39","slug":"chaussettes-de-noel-chaudes-et-moelleuses-pour-les-femmes","status":"publish","type":"product","link":"https:\/\/turkmenexporter.com\/fr\/produit\/chaussettes-de-noel-chaudes-et-moelleuses-pour-les-femmes\/","title":{"rendered":"Chaussettes de No\u00ebl chaudes et moelleuses pour femmes"},"content":{"rendered":"<p>80 % coton<\/p>\n<p>16 % polyamide<\/p>\n<p>4 % \u00e9lasthanne<\/p>\n<p>Tailles : 36-40<\/p>\n","protected":false},"excerpt":{"rendered":"<p>Chaussettes en coton de haute qualit\u00e9.<\/p>\n<p>Toute modification de la conception, de la taille et du contenu peut \u00eatre n\u00e9goci\u00e9e. <\/p>\n","protected":false},"featured_media":12954,"comment_status":"open","ping_status":"closed","template":"","meta":{"_acf_changed":false},"brand":[1047],"product_cat":[1042],"product_tag":[],"class_list":{"0":"post-15882","1":"product","2":"type-product","3":"status-publish","4":"has-post-thumbnail","6":"brand-batly-gadam-fr","7":"product_cat-chaussettes","9":"first","10":"instock","11":"shipping-taxable","12":"purchasable","13":"product-type-simple"},"acf":[],"_links":{"self":[{"href":"https:\/\/turkmenexporter.com\/fr\/wp-json\/wp\/v2\/product\/15882","targetHints":{"allow":["GET"]}}],"collection":[{"href":"https:\/\/turkmenexporter.com\/fr\/wp-json\/wp\/v2\/product"}],"about":[{"href":"https:\/\/turkmenexporter.com\/fr\/wp-json\/wp\/v2\/types\/product"}],"replies":[{"embeddable":true,"href":"https:\/\/turkmenexporter.com\/fr\/wp-json\/wp\/v2\/comments?post=15882"}],"version-history":[{"count":0,"href":"https:\/\/turkmenexporter.com\/fr\/wp-json\/wp\/v2\/product\/15882\/revisions"}],"wp:featuredmedia":[{"embeddable":true,"href":"https:\/\/turkmenexporter.com\/fr\/wp-json\/wp\/v2\/media\/12954"}],"wp:attachment":[{"href":"https:\/\/turkmenexporter.com\/fr\/wp-json\/wp\/v2\/media?parent=15882"}],"wp:term":[{"taxonomy":"brand","embeddable":true,"href":"https:\/\/turkmenexporter.com\/fr\/wp-json\/wp\/v2\/brand?post=15882"},{"taxonomy":"product_cat","embeddable":true,"href":"https:\/\/turkmenexporter.com\/fr\/wp-json\/wp\/v2\/product_cat?post=15882"},{"taxonomy":"product_tag","embeddable":true,"href":"https:\/\/turkmenexporter.com\/fr\/wp-json\/wp\/v2\/product_tag?post=15882"}],"curies":[{"name":"wp","href":"https:\/\/api.w.org\/{rel}","templated":true}]}}