{"id":15910,"date":"2025-04-24T18:09:24","date_gmt":"2025-04-24T13:09:24","guid":{"rendered":"https:\/\/turkmenexporter.com\/product\/chaussettes-pour-hommes-en-vrac\/"},"modified":"2025-04-24T18:09:24","modified_gmt":"2025-04-24T13:09:24","slug":"chaussettes-pour-hommes-en-vrac","status":"publish","type":"product","link":"https:\/\/turkmenexporter.com\/fr\/produit\/chaussettes-pour-hommes-en-vrac\/","title":{"rendered":"Chaussettes pour hommes en vrac"},"content":{"rendered":"<p>80 % coton<\/p>\n<p>16 % polyamide<\/p>\n<p>4 % \u00e9lasthanne<\/p>\n<p>Tailles : 40-44<\/p>\n","protected":false},"excerpt":{"rendered":"<p>Chaussettes en coton de haute qualit\u00e9. 2 paires par paquet <\/p>\n<p>Tout ajustement de conception, de taille et de contenu peut \u00eatre n\u00e9goci\u00e9 <\/p>\n","protected":false},"featured_media":12768,"comment_status":"open","ping_status":"closed","template":"","meta":{"_acf_changed":false},"brand":[1047],"product_cat":[1042],"product_tag":[],"class_list":{"0":"post-15910","1":"product","2":"type-product","3":"status-publish","4":"has-post-thumbnail","6":"brand-batly-gadam-fr","7":"product_cat-chaussettes","9":"first","10":"instock","11":"shipping-taxable","12":"purchasable","13":"product-type-simple"},"acf":[],"_links":{"self":[{"href":"https:\/\/turkmenexporter.com\/fr\/wp-json\/wp\/v2\/product\/15910","targetHints":{"allow":["GET"]}}],"collection":[{"href":"https:\/\/turkmenexporter.com\/fr\/wp-json\/wp\/v2\/product"}],"about":[{"href":"https:\/\/turkmenexporter.com\/fr\/wp-json\/wp\/v2\/types\/product"}],"replies":[{"embeddable":true,"href":"https:\/\/turkmenexporter.com\/fr\/wp-json\/wp\/v2\/comments?post=15910"}],"version-history":[{"count":0,"href":"https:\/\/turkmenexporter.com\/fr\/wp-json\/wp\/v2\/product\/15910\/revisions"}],"wp:featuredmedia":[{"embeddable":true,"href":"https:\/\/turkmenexporter.com\/fr\/wp-json\/wp\/v2\/media\/12768"}],"wp:attachment":[{"href":"https:\/\/turkmenexporter.com\/fr\/wp-json\/wp\/v2\/media?parent=15910"}],"wp:term":[{"taxonomy":"brand","embeddable":true,"href":"https:\/\/turkmenexporter.com\/fr\/wp-json\/wp\/v2\/brand?post=15910"},{"taxonomy":"product_cat","embeddable":true,"href":"https:\/\/turkmenexporter.com\/fr\/wp-json\/wp\/v2\/product_cat?post=15910"},{"taxonomy":"product_tag","embeddable":true,"href":"https:\/\/turkmenexporter.com\/fr\/wp-json\/wp\/v2\/product_tag?post=15910"}],"curies":[{"name":"wp","href":"https:\/\/api.w.org\/{rel}","templated":true}]}}