{"id":16428,"date":"2025-05-29T17:03:15","date_gmt":"2025-05-29T12:03:15","guid":{"rendered":"https:\/\/turkmenexporter.com\/product\/motor-oil-imperol-plus-shpd-20w-50\/"},"modified":"2025-06-12T16:49:46","modified_gmt":"2025-06-12T11:49:46","slug":"huile-moteur-imperol-plus-shpd-20w-50","status":"publish","type":"product","link":"https:\/\/turkmenexporter.com\/fr\/produit\/huile-moteur-imperol-plus-shpd-20w-50\/","title":{"rendered":"HUILE MOTEUR IMPEROL PLUS SHPD 20W-50"},"content":{"rendered":"<p><span data-sheets-root=\"1\">Huile moteur diesel\/essence multigrade de tr\u00e8s haute performance et de longue dur\u00e9e.<\/span><\/p>\n<p><span data-sheets-root=\"1\">Recommand\u00e9 pour les moteurs diesel turbocompress\u00e9s\/non turbocompress\u00e9s de poids lourds, camionnettes, bus, machines de construction, machines agricoles, bateaux ou g\u00e9n\u00e9rateurs diesel, ainsi que pour les voitures particuli\u00e8res diesel\/essence et les v\u00e9hicules utilitaires l\u00e9gers. Sp\u00e9cialement recommand\u00e9 pour les moteurs diesel\/essence de type Euro 4\/5, plus anciens et ayant un kilom\u00e9trage \u00e9lev\u00e9, afin de r\u00e9duire les pertes d&rsquo;huile.  <\/span><\/p>\n<p><span data-sheets-root=\"1\">Plage de temp\u00e9rature ambiante recommand\u00e9e pour un fonctionnement optimal du moteur : -15 \u00b0C\/+45 \u00b0C. <\/span><\/p>\n<p><span data-sheets-root=\"1\">La dur\u00e9e de conservation peut atteindre 5 ans si l&#8217;emballage est bien ferm\u00e9 et si le produit est conserv\u00e9 \u00e0 l&rsquo;abri de la lumi\u00e8re du soleil dans un endroit bien ventil\u00e9.<\/span><\/p>\n","protected":false},"excerpt":{"rendered":"<p>Diesel \u00e0 usage intensifHuile pour moteur \u00e0 essence<\/p>\n","protected":false},"featured_media":16348,"comment_status":"open","ping_status":"closed","template":"","meta":{"_acf_changed":false},"brand":[1273],"product_cat":[1275],"product_tag":[],"class_list":{"0":"post-16428","1":"product","2":"type-product","3":"status-publish","4":"has-post-thumbnail","6":"brand-imperol-fr","7":"product_cat-produitsautomobiles","9":"first","10":"instock","11":"shipping-taxable","12":"purchasable","13":"product-type-variable","14":"has-default-attributes"},"acf":[],"_links":{"self":[{"href":"https:\/\/turkmenexporter.com\/fr\/wp-json\/wp\/v2\/product\/16428","targetHints":{"allow":["GET"]}}],"collection":[{"href":"https:\/\/turkmenexporter.com\/fr\/wp-json\/wp\/v2\/product"}],"about":[{"href":"https:\/\/turkmenexporter.com\/fr\/wp-json\/wp\/v2\/types\/product"}],"replies":[{"embeddable":true,"href":"https:\/\/turkmenexporter.com\/fr\/wp-json\/wp\/v2\/comments?post=16428"}],"version-history":[{"count":1,"href":"https:\/\/turkmenexporter.com\/fr\/wp-json\/wp\/v2\/product\/16428\/revisions"}],"predecessor-version":[{"id":16553,"href":"https:\/\/turkmenexporter.com\/fr\/wp-json\/wp\/v2\/product\/16428\/revisions\/16553"}],"wp:featuredmedia":[{"embeddable":true,"href":"https:\/\/turkmenexporter.com\/fr\/wp-json\/wp\/v2\/media\/16348"}],"wp:attachment":[{"href":"https:\/\/turkmenexporter.com\/fr\/wp-json\/wp\/v2\/media?parent=16428"}],"wp:term":[{"taxonomy":"brand","embeddable":true,"href":"https:\/\/turkmenexporter.com\/fr\/wp-json\/wp\/v2\/brand?post=16428"},{"taxonomy":"product_cat","embeddable":true,"href":"https:\/\/turkmenexporter.com\/fr\/wp-json\/wp\/v2\/product_cat?post=16428"},{"taxonomy":"product_tag","embeddable":true,"href":"https:\/\/turkmenexporter.com\/fr\/wp-json\/wp\/v2\/product_tag?post=16428"}],"curies":[{"name":"wp","href":"https:\/\/api.w.org\/{rel}","templated":true}]}}