{"id":16434,"date":"2025-05-29T16:36:27","date_gmt":"2025-05-29T11:36:27","guid":{"rendered":"https:\/\/turkmenexporter.com\/product\/huile-moteur-imperol-plus-hd\/"},"modified":"2025-05-29T16:36:27","modified_gmt":"2025-05-29T11:36:27","slug":"huile-moteur-imperol-plus-hd","status":"publish","type":"product","link":"https:\/\/turkmenexporter.com\/fr\/produit\/huile-moteur-imperol-plus-hd\/","title":{"rendered":"HUILE MOTEUR IMPEROL PLUS HD"},"content":{"rendered":"<p><span style=\"font-size: 12pt;font-family: Arial\" data-sheets-root=\"1\">Huile moteur diesel\/essence multigrade haute performance. Recommand\u00e9e pour les moteurs diesel\/essence EURO 2 ou plus anciens, turbocompress\u00e9s ou non, de poids lourds, camionnettes, voitures particuli\u00e8res, autobus, engins de chantier, machines agricoles, bateaux ou g\u00e9n\u00e9rateurs. <\/span><\/p>\n<p><span style=\"font-size: 12pt;font-family: Arial\" data-sheets-root=\"1\">Plage de temp\u00e9rature ambiante recommand\u00e9e pour un fonctionnement optimal du moteur: -15\u00b0C\/+45 \u00b0C <\/span><\/p>\n<p><span style=\"font-size: 12pt;font-family: Arial\" data-sheets-root=\"1\">La dur\u00e9e de conservation peut atteindre 5 ans si l&#8217;emballage est bien ferm\u00e9 et si le produit est conserv\u00e9 \u00e0 l&rsquo;abri de la lumi\u00e8re du soleil dans un endroit bien ventil\u00e9.<\/span><\/p>\n","protected":false},"excerpt":{"rendered":"<p><span data-sheets-root=\"1\">Diesel \u00e0 usage intensif<br \/>\nHuile pour moteur \u00e0essence 5 L<br \/>\n4 ct. par paquet<\/span><\/p>\n","protected":false},"featured_media":16276,"comment_status":"open","ping_status":"closed","template":"","meta":{"_acf_changed":false},"brand":[1273],"product_cat":[1275],"product_tag":[],"class_list":{"0":"post-16434","1":"product","2":"type-product","3":"status-publish","4":"has-post-thumbnail","6":"brand-imperol-fr","7":"product_cat-produitsautomobiles","9":"first","10":"instock","11":"shipping-taxable","12":"purchasable","13":"product-type-variable","14":"has-default-attributes"},"acf":[],"_links":{"self":[{"href":"https:\/\/turkmenexporter.com\/fr\/wp-json\/wp\/v2\/product\/16434","targetHints":{"allow":["GET"]}}],"collection":[{"href":"https:\/\/turkmenexporter.com\/fr\/wp-json\/wp\/v2\/product"}],"about":[{"href":"https:\/\/turkmenexporter.com\/fr\/wp-json\/wp\/v2\/types\/product"}],"replies":[{"embeddable":true,"href":"https:\/\/turkmenexporter.com\/fr\/wp-json\/wp\/v2\/comments?post=16434"}],"version-history":[{"count":0,"href":"https:\/\/turkmenexporter.com\/fr\/wp-json\/wp\/v2\/product\/16434\/revisions"}],"wp:featuredmedia":[{"embeddable":true,"href":"https:\/\/turkmenexporter.com\/fr\/wp-json\/wp\/v2\/media\/16276"}],"wp:attachment":[{"href":"https:\/\/turkmenexporter.com\/fr\/wp-json\/wp\/v2\/media?parent=16434"}],"wp:term":[{"taxonomy":"brand","embeddable":true,"href":"https:\/\/turkmenexporter.com\/fr\/wp-json\/wp\/v2\/brand?post=16434"},{"taxonomy":"product_cat","embeddable":true,"href":"https:\/\/turkmenexporter.com\/fr\/wp-json\/wp\/v2\/product_cat?post=16434"},{"taxonomy":"product_tag","embeddable":true,"href":"https:\/\/turkmenexporter.com\/fr\/wp-json\/wp\/v2\/product_tag?post=16434"}],"curies":[{"name":"wp","href":"https:\/\/api.w.org\/{rel}","templated":true}]}}