{"id":16437,"date":"2025-05-29T16:21:27","date_gmt":"2025-05-29T11:21:27","guid":{"rendered":"https:\/\/turkmenexporter.com\/product\/huile-moteur-imperol-plus-sn-10w-40\/"},"modified":"2025-05-29T16:21:27","modified_gmt":"2025-05-29T11:21:27","slug":"huile-moteur-imperol-plus-sn-10w-40","status":"publish","type":"product","link":"https:\/\/turkmenexporter.com\/fr\/produit\/huile-moteur-imperol-plus-sn-10w-40\/","title":{"rendered":"HUILE MOTEUR IMPEROL PLUS SN 10W-40"},"content":{"rendered":"<p>Excellente huile moteur multigrade semi-synth\u00e9tique pour essence\/diesel \u00e0 haute performance et \u00e0 faible consommation de carburant<\/p>\n<p>Recommand\u00e9e pour les voitures particuli\u00e8res et les v\u00e9hicules utilitaires l\u00e9gers \u00e0 injection directe (GDI) ou\/et \u00e9quip\u00e9s d&rsquo;un convertisseur catalytique. Sp\u00e9cialement formul\u00e9e pour les moteurs ayant plus de 100 000 km et d\u00e9passant les conditions climatiques de +35\u00b0C et les moteurs de grosse cylindr\u00e9e (V6\/V8 etc.) afin de r\u00e9duire les pertes d&rsquo;huile, d&rsquo;avoir des propri\u00e9t\u00e9s de frottement plus faibles pour r\u00e9duire la consommation de carburant et d&rsquo;\u00e9viter l&rsquo;\u00e9chauffement excessif des moteurs. <\/p>\n<p>Plage de temp\u00e9rature ambiante recommand\u00e9e pour un fonctionnement optimal du moteur: -25 \u00b0C\/+45 \u00b0C<\/p>\n<p>La dur\u00e9e de conservation peut atteindre 5 ans si l&#8217;emballage est bien ferm\u00e9 et si le produit est conserv\u00e9 \u00e0 l&rsquo;abri de la lumi\u00e8re du soleil dans un endroit bien ventil\u00e9.<\/p>\n","protected":false},"excerpt":{"rendered":"<p>Huile moteur semi-synth\u00e9tique 5 L<\/p>\n<p>4 ct. par paquet<\/p>\n","protected":false},"featured_media":16372,"comment_status":"open","ping_status":"closed","template":"","meta":{"_acf_changed":false},"brand":[1273],"product_cat":[1275],"product_tag":[],"class_list":{"0":"post-16437","1":"product","2":"type-product","3":"status-publish","4":"has-post-thumbnail","6":"brand-imperol-fr","7":"product_cat-produitsautomobiles","9":"first","10":"instock","11":"shipping-taxable","12":"purchasable","13":"product-type-simple"},"acf":[],"_links":{"self":[{"href":"https:\/\/turkmenexporter.com\/fr\/wp-json\/wp\/v2\/product\/16437","targetHints":{"allow":["GET"]}}],"collection":[{"href":"https:\/\/turkmenexporter.com\/fr\/wp-json\/wp\/v2\/product"}],"about":[{"href":"https:\/\/turkmenexporter.com\/fr\/wp-json\/wp\/v2\/types\/product"}],"replies":[{"embeddable":true,"href":"https:\/\/turkmenexporter.com\/fr\/wp-json\/wp\/v2\/comments?post=16437"}],"version-history":[{"count":0,"href":"https:\/\/turkmenexporter.com\/fr\/wp-json\/wp\/v2\/product\/16437\/revisions"}],"wp:featuredmedia":[{"embeddable":true,"href":"https:\/\/turkmenexporter.com\/fr\/wp-json\/wp\/v2\/media\/16372"}],"wp:attachment":[{"href":"https:\/\/turkmenexporter.com\/fr\/wp-json\/wp\/v2\/media?parent=16437"}],"wp:term":[{"taxonomy":"brand","embeddable":true,"href":"https:\/\/turkmenexporter.com\/fr\/wp-json\/wp\/v2\/brand?post=16437"},{"taxonomy":"product_cat","embeddable":true,"href":"https:\/\/turkmenexporter.com\/fr\/wp-json\/wp\/v2\/product_cat?post=16437"},{"taxonomy":"product_tag","embeddable":true,"href":"https:\/\/turkmenexporter.com\/fr\/wp-json\/wp\/v2\/product_tag?post=16437"}],"curies":[{"name":"wp","href":"https:\/\/api.w.org\/{rel}","templated":true}]}}