{"id":16438,"date":"2025-05-29T16:21:26","date_gmt":"2025-05-29T11:21:26","guid":{"rendered":"https:\/\/turkmenexporter.com\/product\/huile-moteur-imperol-plus-sg-10w-40\/"},"modified":"2025-06-12T16:50:58","modified_gmt":"2025-06-12T11:50:58","slug":"lubrifiant-huile-moteur-imperol-plus-sg-10w-40","status":"publish","type":"product","link":"https:\/\/turkmenexporter.com\/fr\/produit\/lubrifiant-huile-moteur-imperol-plus-sg-10w-40\/","title":{"rendered":"LUBRIFIANT HUILE MOTEUR IMPEROL PLUS SG 10W-40"},"content":{"rendered":"<p>Excellentes performances \u00e9lev\u00e9es produites par la derni\u00e8re technologie SYNERGY (MOLY\/ESTER) et une huile moteur essence\/diesel semi-synth\u00e9tique multigrade \u00e0 faible consommation de carburant<\/p>\n<p>Recommand\u00e9e pour les voitures particuli\u00e8res et les v\u00e9hicules utilitaires l\u00e9gers \u00e0 injection directe (GDI) et\/ou \u00e9quip\u00e9s d&rsquo;un convertisseur catalytique. Sp\u00e9cialement formul\u00e9e pour les moteurs ayant plus de 200 000 km et d\u00e9passant les conditions climatiques de +35\u00b0C et les moteurs de grosse cylindr\u00e9e (V6\/V8 etc.) afin de r\u00e9duire les pertes d&rsquo;huile, d&rsquo;avoir des propri\u00e9t\u00e9s de frottement plus faibles pour r\u00e9duire la consommation de carburant et d&rsquo;\u00e9viter l&rsquo;\u00e9chauffement excessif des moteurs. <\/p>\n<p>Temp\u00e9rature ambiante recommand\u00e9e pour une performance optimale du moteur: -20 \u00b0C\/+45 \u00b0C.<br \/>\nLa dur\u00e9e deconservation est de 5 ans si l&#8217;emballage est bien ferm\u00e9 et prot\u00e9g\u00e9 de la lumi\u00e8re du soleil dans un endroit bien ventil\u00e9.<\/p>\n","protected":false},"excerpt":{"rendered":"<p>Huile moteur semi-synth\u00e9tique 5 L<\/p>\n<p>4 ct. par paquet<\/p>\n","protected":false},"featured_media":16300,"comment_status":"open","ping_status":"closed","template":"","meta":{"_acf_changed":false},"brand":[1273],"product_cat":[1275],"product_tag":[],"class_list":{"0":"post-16438","1":"product","2":"type-product","3":"status-publish","4":"has-post-thumbnail","6":"brand-imperol-fr","7":"product_cat-produitsautomobiles","9":"first","10":"instock","11":"shipping-taxable","12":"purchasable","13":"product-type-simple"},"acf":[],"_links":{"self":[{"href":"https:\/\/turkmenexporter.com\/fr\/wp-json\/wp\/v2\/product\/16438","targetHints":{"allow":["GET"]}}],"collection":[{"href":"https:\/\/turkmenexporter.com\/fr\/wp-json\/wp\/v2\/product"}],"about":[{"href":"https:\/\/turkmenexporter.com\/fr\/wp-json\/wp\/v2\/types\/product"}],"replies":[{"embeddable":true,"href":"https:\/\/turkmenexporter.com\/fr\/wp-json\/wp\/v2\/comments?post=16438"}],"version-history":[{"count":1,"href":"https:\/\/turkmenexporter.com\/fr\/wp-json\/wp\/v2\/product\/16438\/revisions"}],"predecessor-version":[{"id":16554,"href":"https:\/\/turkmenexporter.com\/fr\/wp-json\/wp\/v2\/product\/16438\/revisions\/16554"}],"wp:featuredmedia":[{"embeddable":true,"href":"https:\/\/turkmenexporter.com\/fr\/wp-json\/wp\/v2\/media\/16300"}],"wp:attachment":[{"href":"https:\/\/turkmenexporter.com\/fr\/wp-json\/wp\/v2\/media?parent=16438"}],"wp:term":[{"taxonomy":"brand","embeddable":true,"href":"https:\/\/turkmenexporter.com\/fr\/wp-json\/wp\/v2\/brand?post=16438"},{"taxonomy":"product_cat","embeddable":true,"href":"https:\/\/turkmenexporter.com\/fr\/wp-json\/wp\/v2\/product_cat?post=16438"},{"taxonomy":"product_tag","embeddable":true,"href":"https:\/\/turkmenexporter.com\/fr\/wp-json\/wp\/v2\/product_tag?post=16438"}],"curies":[{"name":"wp","href":"https:\/\/api.w.org\/{rel}","templated":true}]}}