{"id":16439,"date":"2025-05-29T16:21:26","date_gmt":"2025-05-29T11:21:26","guid":{"rendered":"https:\/\/turkmenexporter.com\/product\/huile-moteur-imperol-plus-sl-10w-40\/"},"modified":"2025-05-29T16:21:26","modified_gmt":"2025-05-29T11:21:26","slug":"huile-moteur-imperol-plus-sl-10w-40","status":"publish","type":"product","link":"https:\/\/turkmenexporter.com\/fr\/produit\/huile-moteur-imperol-plus-sl-10w-40\/","title":{"rendered":"HUILE MOTEUR IMPEROL PLUS SL 10W-40"},"content":{"rendered":"<p>Huile moteur semi-synth\u00e9tique multigrade \u00e0 haute performance .<\/p>\n<p>Recommand\u00e9 pour les voitures particuli\u00e8res et les v\u00e9hicules utilitaires l\u00e9gers \u00e0 injection directe (GDI) et\/ou \u00e9quip\u00e9s d&rsquo;un convertisseur catalytique. Sp\u00e9cialement formul\u00e9 pour les besoins des v\u00e9hicules plus anciens. <\/p>\n<p>Plage de temp\u00e9rature ambiante recommand\u00e9e pour un fonctionnement optimal du moteur : -20\u00b0C\/+45 \u00b0C.<\/p>\n<p>La dur\u00e9e de conservation peut atteindre 5 ans si l&#8217;emballage est bien ferm\u00e9 et si le produit est conserv\u00e9 \u00e0 l&rsquo;abri de la lumi\u00e8re du soleil dans un endroit bien ventil\u00e9.<\/p>\n","protected":false},"excerpt":{"rendered":"<p>Huile moteur semi-synth\u00e9tique 5 L<\/p>\n<p>4 ct. par paquet<\/p>\n","protected":false},"featured_media":16360,"comment_status":"open","ping_status":"closed","template":"","meta":{"_acf_changed":false},"brand":[1273],"product_cat":[1275],"product_tag":[],"class_list":{"0":"post-16439","1":"product","2":"type-product","3":"status-publish","4":"has-post-thumbnail","6":"brand-imperol-fr","7":"product_cat-produitsautomobiles","9":"first","10":"instock","11":"shipping-taxable","12":"purchasable","13":"product-type-simple"},"acf":[],"_links":{"self":[{"href":"https:\/\/turkmenexporter.com\/fr\/wp-json\/wp\/v2\/product\/16439","targetHints":{"allow":["GET"]}}],"collection":[{"href":"https:\/\/turkmenexporter.com\/fr\/wp-json\/wp\/v2\/product"}],"about":[{"href":"https:\/\/turkmenexporter.com\/fr\/wp-json\/wp\/v2\/types\/product"}],"replies":[{"embeddable":true,"href":"https:\/\/turkmenexporter.com\/fr\/wp-json\/wp\/v2\/comments?post=16439"}],"version-history":[{"count":0,"href":"https:\/\/turkmenexporter.com\/fr\/wp-json\/wp\/v2\/product\/16439\/revisions"}],"wp:featuredmedia":[{"embeddable":true,"href":"https:\/\/turkmenexporter.com\/fr\/wp-json\/wp\/v2\/media\/16360"}],"wp:attachment":[{"href":"https:\/\/turkmenexporter.com\/fr\/wp-json\/wp\/v2\/media?parent=16439"}],"wp:term":[{"taxonomy":"brand","embeddable":true,"href":"https:\/\/turkmenexporter.com\/fr\/wp-json\/wp\/v2\/brand?post=16439"},{"taxonomy":"product_cat","embeddable":true,"href":"https:\/\/turkmenexporter.com\/fr\/wp-json\/wp\/v2\/product_cat?post=16439"},{"taxonomy":"product_tag","embeddable":true,"href":"https:\/\/turkmenexporter.com\/fr\/wp-json\/wp\/v2\/product_tag?post=16439"}],"curies":[{"name":"wp","href":"https:\/\/api.w.org\/{rel}","templated":true}]}}