{"id":17144,"date":"2025-07-14T16:58:04","date_gmt":"2025-07-14T11:58:04","guid":{"rendered":"https:\/\/turkmenexporter.com\/product\/romeo-baignoire-autoportante\/"},"modified":"2025-07-16T12:45:34","modified_gmt":"2025-07-16T07:45:34","slug":"romeo-baignoire-autoportante","status":"publish","type":"product","link":"https:\/\/turkmenexporter.com\/fr\/produit\/romeo-baignoire-autoportante\/","title":{"rendered":"Baignoire autoportante Romeo"},"content":{"rendered":"<p>El\u00e9gante et durable, la baignoire autoportante Pietra Bianca \u00ab\u00a0Romeo\u00a0\u00bb est fabriqu\u00e9e en Durastone, un mat\u00e9riau de haute qualit\u00e9. Avec ses courbes douces et son design moderne, elle constitue une pi\u00e8ce ma\u00eetresse parfaite pour les salles de bains de luxe. <\/p>\n","protected":false},"excerpt":{"rendered":"<p>Baignoireen pierre blanche<\/p>\n<p>Mat\u00e9riau : Durastone<\/p>\n","protected":false},"featured_media":17055,"comment_status":"open","ping_status":"closed","template":"","meta":{"_acf_changed":false},"brand":[1291],"product_cat":[1293],"product_tag":[],"class_list":{"0":"post-17144","1":"product","2":"type-product","3":"status-publish","4":"has-post-thumbnail","6":"brand-pietra-bianca-fr","7":"product_cat-accessoires-desalle-de-bains","9":"first","10":"instock","11":"shipping-taxable","12":"purchasable","13":"product-type-variable","14":"has-default-attributes"},"acf":[],"_links":{"self":[{"href":"https:\/\/turkmenexporter.com\/fr\/wp-json\/wp\/v2\/product\/17144","targetHints":{"allow":["GET"]}}],"collection":[{"href":"https:\/\/turkmenexporter.com\/fr\/wp-json\/wp\/v2\/product"}],"about":[{"href":"https:\/\/turkmenexporter.com\/fr\/wp-json\/wp\/v2\/types\/product"}],"replies":[{"embeddable":true,"href":"https:\/\/turkmenexporter.com\/fr\/wp-json\/wp\/v2\/comments?post=17144"}],"version-history":[{"count":1,"href":"https:\/\/turkmenexporter.com\/fr\/wp-json\/wp\/v2\/product\/17144\/revisions"}],"predecessor-version":[{"id":17750,"href":"https:\/\/turkmenexporter.com\/fr\/wp-json\/wp\/v2\/product\/17144\/revisions\/17750"}],"wp:featuredmedia":[{"embeddable":true,"href":"https:\/\/turkmenexporter.com\/fr\/wp-json\/wp\/v2\/media\/17055"}],"wp:attachment":[{"href":"https:\/\/turkmenexporter.com\/fr\/wp-json\/wp\/v2\/media?parent=17144"}],"wp:term":[{"taxonomy":"brand","embeddable":true,"href":"https:\/\/turkmenexporter.com\/fr\/wp-json\/wp\/v2\/brand?post=17144"},{"taxonomy":"product_cat","embeddable":true,"href":"https:\/\/turkmenexporter.com\/fr\/wp-json\/wp\/v2\/product_cat?post=17144"},{"taxonomy":"product_tag","embeddable":true,"href":"https:\/\/turkmenexporter.com\/fr\/wp-json\/wp\/v2\/product_tag?post=17144"}],"curies":[{"name":"wp","href":"https:\/\/api.w.org\/{rel}","templated":true}]}}