{"id":17151,"date":"2025-07-14T16:58:03","date_gmt":"2025-07-14T11:58:03","guid":{"rendered":"https:\/\/turkmenexporter.com\/product\/baignoire-autoportante-onda\/"},"modified":"2025-07-16T12:46:10","modified_gmt":"2025-07-16T07:46:10","slug":"baignoire-autoportante-onda","status":"publish","type":"product","link":"https:\/\/turkmenexporter.com\/fr\/produit\/baignoire-autoportante-onda\/","title":{"rendered":"Baignoire autoportante Onda"},"content":{"rendered":"<p>El\u00e9gante et durable, la baignoire autoportante Pietra Bianca \u00ab\u00a0Onda\u00a0\u00bb est fabriqu\u00e9e en Durastone, un mat\u00e9riau de haute qualit\u00e9. Avec ses courbes douces et son design moderne, elle constitue une pi\u00e8ce ma\u00eetresse parfaite pour les salles de bains de luxe. Dimensions : 1800x1100x620 mm. Poids : 200 kg.   <\/p>\n","protected":false},"excerpt":{"rendered":"<p>Baignoire Pietra Bianca<\/p>\n<p>Mat\u00e9riau : Durastone<\/p>\n<p>Poids : 200 kg<\/p>\n<p>Dimensions : 1800x1100x620<\/p>\n","protected":false},"featured_media":17043,"comment_status":"open","ping_status":"closed","template":"","meta":{"_acf_changed":false},"brand":[1291],"product_cat":[1293],"product_tag":[],"class_list":{"0":"post-17151","1":"product","2":"type-product","3":"status-publish","4":"has-post-thumbnail","6":"brand-pietra-bianca-fr","7":"product_cat-accessoires-desalle-de-bains","9":"first","10":"instock","11":"shipping-taxable","12":"purchasable","13":"product-type-simple"},"acf":[],"_links":{"self":[{"href":"https:\/\/turkmenexporter.com\/fr\/wp-json\/wp\/v2\/product\/17151","targetHints":{"allow":["GET"]}}],"collection":[{"href":"https:\/\/turkmenexporter.com\/fr\/wp-json\/wp\/v2\/product"}],"about":[{"href":"https:\/\/turkmenexporter.com\/fr\/wp-json\/wp\/v2\/types\/product"}],"replies":[{"embeddable":true,"href":"https:\/\/turkmenexporter.com\/fr\/wp-json\/wp\/v2\/comments?post=17151"}],"version-history":[{"count":1,"href":"https:\/\/turkmenexporter.com\/fr\/wp-json\/wp\/v2\/product\/17151\/revisions"}],"predecessor-version":[{"id":17752,"href":"https:\/\/turkmenexporter.com\/fr\/wp-json\/wp\/v2\/product\/17151\/revisions\/17752"}],"wp:featuredmedia":[{"embeddable":true,"href":"https:\/\/turkmenexporter.com\/fr\/wp-json\/wp\/v2\/media\/17043"}],"wp:attachment":[{"href":"https:\/\/turkmenexporter.com\/fr\/wp-json\/wp\/v2\/media?parent=17151"}],"wp:term":[{"taxonomy":"brand","embeddable":true,"href":"https:\/\/turkmenexporter.com\/fr\/wp-json\/wp\/v2\/brand?post=17151"},{"taxonomy":"product_cat","embeddable":true,"href":"https:\/\/turkmenexporter.com\/fr\/wp-json\/wp\/v2\/product_cat?post=17151"},{"taxonomy":"product_tag","embeddable":true,"href":"https:\/\/turkmenexporter.com\/fr\/wp-json\/wp\/v2\/product_tag?post=17151"}],"curies":[{"name":"wp","href":"https:\/\/api.w.org\/{rel}","templated":true}]}}