{"id":17153,"date":"2025-07-14T16:58:01","date_gmt":"2025-07-14T11:58:01","guid":{"rendered":"https:\/\/turkmenexporter.com\/product\/belle-baignoire-libre\/"},"modified":"2025-07-16T09:55:03","modified_gmt":"2025-07-16T04:55:03","slug":"belle-baignoire-libre","status":"publish","type":"product","link":"https:\/\/turkmenexporter.com\/fr\/produit\/belle-baignoire-libre\/","title":{"rendered":"Baignoire Autoportante Bella"},"content":{"rendered":"<p>El\u00e9gante et durable, la baignoire autoportante \u00ab\u00a0Nice\u00a0\u00bb de Pietra Bianca est fabriqu\u00e9e en Durastone, un mat\u00e9riau de haute qualit\u00e9. Avec ses courbes douces et son design moderne, elle constitue une pi\u00e8ce ma\u00eetresse parfaite pour les salles de bains de luxe. Dimensions : 1800x850x520 mm. Poids : 180 kg.<\/p>\n","protected":false},"excerpt":{"rendered":"<p>Baignoire en pierre blanche<\/p>\n<p>Mat\u00e9riau : Durastone<\/p>\n<p>Poids : 180 kg<\/p>\n<p>Dimensions : 1800x850x520<\/p>\n","protected":false},"featured_media":17025,"comment_status":"open","ping_status":"closed","template":"","meta":{"_acf_changed":false},"brand":[1291],"product_cat":[1293],"product_tag":[],"class_list":{"0":"post-17153","1":"product","2":"type-product","3":"status-publish","4":"has-post-thumbnail","6":"brand-pietra-bianca-fr","7":"product_cat-accessoires-desalle-de-bains","9":"first","10":"instock","11":"shipping-taxable","12":"purchasable","13":"product-type-simple"},"acf":[],"_links":{"self":[{"href":"https:\/\/turkmenexporter.com\/fr\/wp-json\/wp\/v2\/product\/17153","targetHints":{"allow":["GET"]}}],"collection":[{"href":"https:\/\/turkmenexporter.com\/fr\/wp-json\/wp\/v2\/product"}],"about":[{"href":"https:\/\/turkmenexporter.com\/fr\/wp-json\/wp\/v2\/types\/product"}],"replies":[{"embeddable":true,"href":"https:\/\/turkmenexporter.com\/fr\/wp-json\/wp\/v2\/comments?post=17153"}],"version-history":[{"count":2,"href":"https:\/\/turkmenexporter.com\/fr\/wp-json\/wp\/v2\/product\/17153\/revisions"}],"predecessor-version":[{"id":17541,"href":"https:\/\/turkmenexporter.com\/fr\/wp-json\/wp\/v2\/product\/17153\/revisions\/17541"}],"wp:featuredmedia":[{"embeddable":true,"href":"https:\/\/turkmenexporter.com\/fr\/wp-json\/wp\/v2\/media\/17025"}],"wp:attachment":[{"href":"https:\/\/turkmenexporter.com\/fr\/wp-json\/wp\/v2\/media?parent=17153"}],"wp:term":[{"taxonomy":"brand","embeddable":true,"href":"https:\/\/turkmenexporter.com\/fr\/wp-json\/wp\/v2\/brand?post=17153"},{"taxonomy":"product_cat","embeddable":true,"href":"https:\/\/turkmenexporter.com\/fr\/wp-json\/wp\/v2\/product_cat?post=17153"},{"taxonomy":"product_tag","embeddable":true,"href":"https:\/\/turkmenexporter.com\/fr\/wp-json\/wp\/v2\/product_tag?post=17153"}],"curies":[{"name":"wp","href":"https:\/\/api.w.org\/{rel}","templated":true}]}}