{"id":17158,"date":"2025-07-14T16:57:59","date_gmt":"2025-07-14T11:57:59","guid":{"rendered":"https:\/\/turkmenexporter.com\/product\/coco-baignoire-autoportante\/"},"modified":"2025-07-16T12:48:27","modified_gmt":"2025-07-16T07:48:27","slug":"coco-baignoire-autoportante","status":"publish","type":"product","link":"https:\/\/turkmenexporter.com\/fr\/produit\/coco-baignoire-autoportante\/","title":{"rendered":"Baignoire autoportante Coco"},"content":{"rendered":"<p>El\u00e9gante et durable, la baignoire autoportante Pietra Bianca \u00ab\u00a0Coco\u00a0\u00bb est fabriqu\u00e9e en Durastone, un mat\u00e9riau de haute qualit\u00e9. Avec ses courbes douces et son design moderne, elle constitue une pi\u00e8ce ma\u00eetresse parfaite pour les salles de bains de luxe. Dimensions : 1760x1030x550 mm. Poids : 190 kg.   <\/p>\n","protected":false},"excerpt":{"rendered":"<p>Baignoire Pietra Bianca<\/p>\n<p>Mat\u00e9riau : Durastone<\/p>\n<p>Poids : 190 kg<\/p>\n<p>Dimensions : 1760x1030x550<\/p>\n","protected":false},"featured_media":16989,"comment_status":"open","ping_status":"closed","template":"","meta":{"_acf_changed":false},"brand":[1291],"product_cat":[1293],"product_tag":[],"class_list":{"0":"post-17158","1":"product","2":"type-product","3":"status-publish","4":"has-post-thumbnail","6":"brand-pietra-bianca-fr","7":"product_cat-accessoires-desalle-de-bains","9":"first","10":"instock","11":"shipping-taxable","12":"purchasable","13":"product-type-simple"},"acf":[],"_links":{"self":[{"href":"https:\/\/turkmenexporter.com\/fr\/wp-json\/wp\/v2\/product\/17158","targetHints":{"allow":["GET"]}}],"collection":[{"href":"https:\/\/turkmenexporter.com\/fr\/wp-json\/wp\/v2\/product"}],"about":[{"href":"https:\/\/turkmenexporter.com\/fr\/wp-json\/wp\/v2\/types\/product"}],"replies":[{"embeddable":true,"href":"https:\/\/turkmenexporter.com\/fr\/wp-json\/wp\/v2\/comments?post=17158"}],"version-history":[{"count":1,"href":"https:\/\/turkmenexporter.com\/fr\/wp-json\/wp\/v2\/product\/17158\/revisions"}],"predecessor-version":[{"id":17759,"href":"https:\/\/turkmenexporter.com\/fr\/wp-json\/wp\/v2\/product\/17158\/revisions\/17759"}],"wp:featuredmedia":[{"embeddable":true,"href":"https:\/\/turkmenexporter.com\/fr\/wp-json\/wp\/v2\/media\/16989"}],"wp:attachment":[{"href":"https:\/\/turkmenexporter.com\/fr\/wp-json\/wp\/v2\/media?parent=17158"}],"wp:term":[{"taxonomy":"brand","embeddable":true,"href":"https:\/\/turkmenexporter.com\/fr\/wp-json\/wp\/v2\/brand?post=17158"},{"taxonomy":"product_cat","embeddable":true,"href":"https:\/\/turkmenexporter.com\/fr\/wp-json\/wp\/v2\/product_cat?post=17158"},{"taxonomy":"product_tag","embeddable":true,"href":"https:\/\/turkmenexporter.com\/fr\/wp-json\/wp\/v2\/product_tag?post=17158"}],"curies":[{"name":"wp","href":"https:\/\/api.w.org\/{rel}","templated":true}]}}