{"id":17162,"date":"2025-07-14T16:57:57","date_gmt":"2025-07-14T11:57:57","guid":{"rendered":"https:\/\/turkmenexporter.com\/product\/baignoire-autoportante-anna\/"},"modified":"2025-07-16T12:48:50","modified_gmt":"2025-07-16T07:48:50","slug":"baignoire-autoportante-anna","status":"publish","type":"product","link":"https:\/\/turkmenexporter.com\/fr\/produit\/baignoire-autoportante-anna\/","title":{"rendered":"Baignoire autoportante Anna"},"content":{"rendered":"<p>El\u00e9gante et durable, la baignoire autoportante Pietra Bianca \u00ab\u00a0Anna\u00a0\u00bb est fabriqu\u00e9e en Durastone, un mat\u00e9riau de haute qualit\u00e9. Avec ses courbes douces et son design moderne, elle constitue une pi\u00e8ce ma\u00eetresse parfaite pour les salles de bains de luxe. Dimensions : 1690x750x880 mm. Poids : 200 kg.   <\/p>\n","protected":false},"excerpt":{"rendered":"<p>Baignoire en pierre blanche<\/p>\n<p>Mat\u00e9riau : Durastone<\/p>\n<p>Poids : 200 kg<\/p>\n<p>Dimensions : 1690x750x880<\/p>\n","protected":false},"featured_media":16959,"comment_status":"open","ping_status":"closed","template":"","meta":{"_acf_changed":false},"brand":[1291],"product_cat":[1293],"product_tag":[],"class_list":{"0":"post-17162","1":"product","2":"type-product","3":"status-publish","4":"has-post-thumbnail","6":"brand-pietra-bianca-fr","7":"product_cat-accessoires-desalle-de-bains","9":"first","10":"instock","11":"shipping-taxable","12":"purchasable","13":"product-type-simple"},"acf":[],"_links":{"self":[{"href":"https:\/\/turkmenexporter.com\/fr\/wp-json\/wp\/v2\/product\/17162","targetHints":{"allow":["GET"]}}],"collection":[{"href":"https:\/\/turkmenexporter.com\/fr\/wp-json\/wp\/v2\/product"}],"about":[{"href":"https:\/\/turkmenexporter.com\/fr\/wp-json\/wp\/v2\/types\/product"}],"replies":[{"embeddable":true,"href":"https:\/\/turkmenexporter.com\/fr\/wp-json\/wp\/v2\/comments?post=17162"}],"version-history":[{"count":1,"href":"https:\/\/turkmenexporter.com\/fr\/wp-json\/wp\/v2\/product\/17162\/revisions"}],"predecessor-version":[{"id":17761,"href":"https:\/\/turkmenexporter.com\/fr\/wp-json\/wp\/v2\/product\/17162\/revisions\/17761"}],"wp:featuredmedia":[{"embeddable":true,"href":"https:\/\/turkmenexporter.com\/fr\/wp-json\/wp\/v2\/media\/16959"}],"wp:attachment":[{"href":"https:\/\/turkmenexporter.com\/fr\/wp-json\/wp\/v2\/media?parent=17162"}],"wp:term":[{"taxonomy":"brand","embeddable":true,"href":"https:\/\/turkmenexporter.com\/fr\/wp-json\/wp\/v2\/brand?post=17162"},{"taxonomy":"product_cat","embeddable":true,"href":"https:\/\/turkmenexporter.com\/fr\/wp-json\/wp\/v2\/product_cat?post=17162"},{"taxonomy":"product_tag","embeddable":true,"href":"https:\/\/turkmenexporter.com\/fr\/wp-json\/wp\/v2\/product_tag?post=17162"}],"curies":[{"name":"wp","href":"https:\/\/api.w.org\/{rel}","templated":true}]}}