{"id":17437,"date":"2025-07-15T14:39:48","date_gmt":"2025-07-15T09:39:48","guid":{"rendered":"https:\/\/turkmenexporter.com\/product\/cube-bassin-a-poser\/"},"modified":"2025-07-16T09:55:30","modified_gmt":"2025-07-16T04:55:30","slug":"cube-bassin-a-poser","status":"publish","type":"product","link":"https:\/\/turkmenexporter.com\/fr\/produit\/cube-bassin-a-poser\/","title":{"rendered":"Vasque \u00e0 poser Cube"},"content":{"rendered":"<p>Moderne et compacte, la vasque \u00e0 poser \u00ab\u00a0Cube\u00a0\u00bb de Pietra Bianca est fabriqu\u00e9e en Durastone durable avec une finition lisse et mate. Avec ses lignes \u00e9pur\u00e9es et sa forme g\u00e9om\u00e9trique audacieuse, elle s&rsquo;int\u00e8gre parfaitement dans les int\u00e9rieurs minimalistes et luxueux. Dimensions : 600\u00d7420\u00d7900 mm. Poids : 60 kg.<\/p>\n","protected":false},"excerpt":{"rendered":"<p>Vasque en pierre blanche<\/p>\n<p>Mat\u00e9riau : Durastone<\/p>\n<p>Poids : 60 kg<\/p>\n<p>Dimensions : 600x420x900<\/p>\n","protected":false},"featured_media":17350,"comment_status":"open","ping_status":"closed","template":"","meta":{"_acf_changed":false},"brand":[1291],"product_cat":[1293],"product_tag":[],"class_list":{"0":"post-17437","1":"product","2":"type-product","3":"status-publish","4":"has-post-thumbnail","6":"brand-pietra-bianca-fr","7":"product_cat-accessoires-desalle-de-bains","9":"first","10":"instock","11":"shipping-taxable","12":"purchasable","13":"product-type-simple"},"acf":[],"_links":{"self":[{"href":"https:\/\/turkmenexporter.com\/fr\/wp-json\/wp\/v2\/product\/17437","targetHints":{"allow":["GET"]}}],"collection":[{"href":"https:\/\/turkmenexporter.com\/fr\/wp-json\/wp\/v2\/product"}],"about":[{"href":"https:\/\/turkmenexporter.com\/fr\/wp-json\/wp\/v2\/types\/product"}],"replies":[{"embeddable":true,"href":"https:\/\/turkmenexporter.com\/fr\/wp-json\/wp\/v2\/comments?post=17437"}],"version-history":[{"count":1,"href":"https:\/\/turkmenexporter.com\/fr\/wp-json\/wp\/v2\/product\/17437\/revisions"}],"predecessor-version":[{"id":17543,"href":"https:\/\/turkmenexporter.com\/fr\/wp-json\/wp\/v2\/product\/17437\/revisions\/17543"}],"wp:featuredmedia":[{"embeddable":true,"href":"https:\/\/turkmenexporter.com\/fr\/wp-json\/wp\/v2\/media\/17350"}],"wp:attachment":[{"href":"https:\/\/turkmenexporter.com\/fr\/wp-json\/wp\/v2\/media?parent=17437"}],"wp:term":[{"taxonomy":"brand","embeddable":true,"href":"https:\/\/turkmenexporter.com\/fr\/wp-json\/wp\/v2\/brand?post=17437"},{"taxonomy":"product_cat","embeddable":true,"href":"https:\/\/turkmenexporter.com\/fr\/wp-json\/wp\/v2\/product_cat?post=17437"},{"taxonomy":"product_tag","embeddable":true,"href":"https:\/\/turkmenexporter.com\/fr\/wp-json\/wp\/v2\/product_tag?post=17437"}],"curies":[{"name":"wp","href":"https:\/\/api.w.org\/{rel}","templated":true}]}}