{"id":17438,"date":"2025-07-15T14:39:48","date_gmt":"2025-07-15T09:39:48","guid":{"rendered":"https:\/\/turkmenexporter.com\/product\/vasque-a-poser-islande\/"},"modified":"2025-07-16T12:43:16","modified_gmt":"2025-07-16T07:43:16","slug":"vasque-a-poser-iceland","status":"publish","type":"product","link":"https:\/\/turkmenexporter.com\/fr\/produit\/vasque-a-poser-iceland\/","title":{"rendered":"Vasque \u00e0 poser Iceland"},"content":{"rendered":"<p>Moderne et compacte, la vasque \u00e0 poser \u00ab\u00a0Iceland\u00a0\u00bb de Pietra Bianca est fabriqu\u00e9e en Durastone durable avec une finition lisse et mate. Avec ses lignes \u00e9pur\u00e9es et sa forme g\u00e9om\u00e9trique audacieuse, elle s&rsquo;int\u00e8gre parfaitement dans les int\u00e9rieurs minimalistes et luxueux. Dimensions : 630x420x900 mm. Poids : 63 kg.   <\/p>\n","protected":false},"excerpt":{"rendered":"<p>Vasque en pierre blanche<\/p>\n<p>Mat\u00e9riau : Durastone<\/p>\n<p>Poids : 63 kg<\/p>\n<p>Dimensions : 630x420x900<\/p>\n","protected":false},"featured_media":17362,"comment_status":"open","ping_status":"closed","template":"","meta":{"_acf_changed":false},"brand":[1291],"product_cat":[1293],"product_tag":[],"class_list":{"0":"post-17438","1":"product","2":"type-product","3":"status-publish","4":"has-post-thumbnail","6":"brand-pietra-bianca-fr","7":"product_cat-accessoires-desalle-de-bains","9":"first","10":"instock","11":"shipping-taxable","12":"purchasable","13":"product-type-simple"},"acf":[],"_links":{"self":[{"href":"https:\/\/turkmenexporter.com\/fr\/wp-json\/wp\/v2\/product\/17438","targetHints":{"allow":["GET"]}}],"collection":[{"href":"https:\/\/turkmenexporter.com\/fr\/wp-json\/wp\/v2\/product"}],"about":[{"href":"https:\/\/turkmenexporter.com\/fr\/wp-json\/wp\/v2\/types\/product"}],"replies":[{"embeddable":true,"href":"https:\/\/turkmenexporter.com\/fr\/wp-json\/wp\/v2\/comments?post=17438"}],"version-history":[{"count":1,"href":"https:\/\/turkmenexporter.com\/fr\/wp-json\/wp\/v2\/product\/17438\/revisions"}],"predecessor-version":[{"id":17747,"href":"https:\/\/turkmenexporter.com\/fr\/wp-json\/wp\/v2\/product\/17438\/revisions\/17747"}],"wp:featuredmedia":[{"embeddable":true,"href":"https:\/\/turkmenexporter.com\/fr\/wp-json\/wp\/v2\/media\/17362"}],"wp:attachment":[{"href":"https:\/\/turkmenexporter.com\/fr\/wp-json\/wp\/v2\/media?parent=17438"}],"wp:term":[{"taxonomy":"brand","embeddable":true,"href":"https:\/\/turkmenexporter.com\/fr\/wp-json\/wp\/v2\/brand?post=17438"},{"taxonomy":"product_cat","embeddable":true,"href":"https:\/\/turkmenexporter.com\/fr\/wp-json\/wp\/v2\/product_cat?post=17438"},{"taxonomy":"product_tag","embeddable":true,"href":"https:\/\/turkmenexporter.com\/fr\/wp-json\/wp\/v2\/product_tag?post=17438"}],"curies":[{"name":"wp","href":"https:\/\/api.w.org\/{rel}","templated":true}]}}