{"id":17971,"date":"2025-07-16T14:18:12","date_gmt":"2025-07-16T09:18:12","guid":{"rendered":"https:\/\/turkmenexporter.com\/product\/au-dessus-du-comptoir-bassin-valentine\/"},"modified":"2025-07-16T14:18:12","modified_gmt":"2025-07-16T09:18:12","slug":"au-dessus-du-comptoir-bassin-valentine","status":"publish","type":"product","link":"https:\/\/turkmenexporter.com\/fr\/produit\/au-dessus-du-comptoir-bassin-valentine\/","title":{"rendered":"Vasque de comptoir Valentina"},"content":{"rendered":"<p>El\u00e9gante et compacte, la vasque \u00e0 poser \u00ab\u00a0Valentina\u00a0\u00bb de Pietra Bianca est fabriqu\u00e9e en Durastone de haute qualit\u00e9. Avec sa finition lisse et mate et son design minimaliste, elle est id\u00e9ale pour les salles de bains modernes. Dimensions : 700x400x130. Poids : 30 kg.   <\/p>\n","protected":false},"excerpt":{"rendered":"<p>Vasque \u00e0 poser Pietra Bianca<\/p>\n<p>Mat\u00e9riau : Durastone<\/p>\n<p>Poids : 30 kg<\/p>\n<p>Dimensions : 700 x 400 x 130 cm <\/p>\n","protected":false},"featured_media":17859,"comment_status":"open","ping_status":"closed","template":"","meta":{"_acf_changed":false},"brand":[1291],"product_cat":[1293],"product_tag":[],"class_list":{"0":"post-17971","1":"product","2":"type-product","3":"status-publish","4":"has-post-thumbnail","6":"brand-pietra-bianca-fr","7":"product_cat-accessoires-desalle-de-bains","9":"first","10":"instock","11":"shipping-taxable","12":"purchasable","13":"product-type-simple"},"acf":[],"_links":{"self":[{"href":"https:\/\/turkmenexporter.com\/fr\/wp-json\/wp\/v2\/product\/17971","targetHints":{"allow":["GET"]}}],"collection":[{"href":"https:\/\/turkmenexporter.com\/fr\/wp-json\/wp\/v2\/product"}],"about":[{"href":"https:\/\/turkmenexporter.com\/fr\/wp-json\/wp\/v2\/types\/product"}],"replies":[{"embeddable":true,"href":"https:\/\/turkmenexporter.com\/fr\/wp-json\/wp\/v2\/comments?post=17971"}],"version-history":[{"count":0,"href":"https:\/\/turkmenexporter.com\/fr\/wp-json\/wp\/v2\/product\/17971\/revisions"}],"wp:featuredmedia":[{"embeddable":true,"href":"https:\/\/turkmenexporter.com\/fr\/wp-json\/wp\/v2\/media\/17859"}],"wp:attachment":[{"href":"https:\/\/turkmenexporter.com\/fr\/wp-json\/wp\/v2\/media?parent=17971"}],"wp:term":[{"taxonomy":"brand","embeddable":true,"href":"https:\/\/turkmenexporter.com\/fr\/wp-json\/wp\/v2\/brand?post=17971"},{"taxonomy":"product_cat","embeddable":true,"href":"https:\/\/turkmenexporter.com\/fr\/wp-json\/wp\/v2\/product_cat?post=17971"},{"taxonomy":"product_tag","embeddable":true,"href":"https:\/\/turkmenexporter.com\/fr\/wp-json\/wp\/v2\/product_tag?post=17971"}],"curies":[{"name":"wp","href":"https:\/\/api.w.org\/{rel}","templated":true}]}}