{"id":17973,"date":"2025-07-16T14:18:11","date_gmt":"2025-07-16T09:18:11","guid":{"rendered":"https:\/\/turkmenexporter.com\/product\/lavabo-au-dessus-du-comptoir-perle\/"},"modified":"2025-07-16T14:25:03","modified_gmt":"2025-07-16T09:25:03","slug":"lavabo-au-dessus-du-comptoir-perle","status":"publish","type":"product","link":"https:\/\/turkmenexporter.com\/fr\/produit\/lavabo-au-dessus-du-comptoir-perle\/","title":{"rendered":"Vasque de comptoir Pearl"},"content":{"rendered":"<p>\u00c9l\u00e9gante et compacte, la vasque \u00e0 poser Pietra Bianca \u00ab\u00a0Pearl\u00a0\u00bb est fabriqu\u00e9e en Durastone de haute qualit\u00e9. Avec sa finition lisse et mate et son design minimaliste, elle est id\u00e9ale pour les salles de bains modernes. Dimensions : 500x350x150 mm. Poids : 25 kg.   <\/p>\n","protected":false},"excerpt":{"rendered":"<p>Vasque \u00e0 poser Pietra Bianca<\/p>\n<p>Mat\u00e9riau : Durastone<\/p>\n<p>Poids : 25 kg<\/p>\n<p>Dimensions : 500x350x150 <\/p>\n","protected":false},"featured_media":17650,"comment_status":"open","ping_status":"closed","template":"","meta":{"_acf_changed":false},"brand":[1291],"product_cat":[1293],"product_tag":[],"class_list":{"0":"post-17973","1":"product","2":"type-product","3":"status-publish","4":"has-post-thumbnail","6":"brand-pietra-bianca-fr","7":"product_cat-accessoires-desalle-de-bains","9":"first","10":"instock","11":"shipping-taxable","12":"purchasable","13":"product-type-simple"},"acf":[],"_links":{"self":[{"href":"https:\/\/turkmenexporter.com\/fr\/wp-json\/wp\/v2\/product\/17973","targetHints":{"allow":["GET"]}}],"collection":[{"href":"https:\/\/turkmenexporter.com\/fr\/wp-json\/wp\/v2\/product"}],"about":[{"href":"https:\/\/turkmenexporter.com\/fr\/wp-json\/wp\/v2\/types\/product"}],"replies":[{"embeddable":true,"href":"https:\/\/turkmenexporter.com\/fr\/wp-json\/wp\/v2\/comments?post=17973"}],"version-history":[{"count":1,"href":"https:\/\/turkmenexporter.com\/fr\/wp-json\/wp\/v2\/product\/17973\/revisions"}],"predecessor-version":[{"id":17975,"href":"https:\/\/turkmenexporter.com\/fr\/wp-json\/wp\/v2\/product\/17973\/revisions\/17975"}],"wp:featuredmedia":[{"embeddable":true,"href":"https:\/\/turkmenexporter.com\/fr\/wp-json\/wp\/v2\/media\/17650"}],"wp:attachment":[{"href":"https:\/\/turkmenexporter.com\/fr\/wp-json\/wp\/v2\/media?parent=17973"}],"wp:term":[{"taxonomy":"brand","embeddable":true,"href":"https:\/\/turkmenexporter.com\/fr\/wp-json\/wp\/v2\/brand?post=17973"},{"taxonomy":"product_cat","embeddable":true,"href":"https:\/\/turkmenexporter.com\/fr\/wp-json\/wp\/v2\/product_cat?post=17973"},{"taxonomy":"product_tag","embeddable":true,"href":"https:\/\/turkmenexporter.com\/fr\/wp-json\/wp\/v2\/product_tag?post=17973"}],"curies":[{"name":"wp","href":"https:\/\/api.w.org\/{rel}","templated":true}]}}