{"id":17982,"date":"2025-07-16T14:18:08","date_gmt":"2025-07-16T09:18:08","guid":{"rendered":"https:\/\/turkmenexporter.com\/product\/lavabo-au-dessus-du-comptoir-marcello\/"},"modified":"2025-07-16T14:18:08","modified_gmt":"2025-07-16T09:18:08","slug":"lavabo-au-dessus-du-comptoir-marcello","status":"publish","type":"product","link":"https:\/\/turkmenexporter.com\/fr\/produit\/lavabo-au-dessus-du-comptoir-marcello\/","title":{"rendered":"Vasque de comptoir Marcello"},"content":{"rendered":"<p>El\u00e9gante et compacte, la vasque \u00e0 poser \u00ab\u00a0Marcello\u00a0\u00bb de Pietra Bianca est fabriqu\u00e9e en Durastone de haute qualit\u00e9. Avec sa finition lisse et mate et son design minimaliste, elle est id\u00e9ale pour les int\u00e9rieurs de salles de bains modernes. <\/p>\n","protected":false},"excerpt":{"rendered":"<p>Pietra Bianca Vasque de comptoir<br \/>\nMat\u00e9riau : Durastone<\/p>\n","protected":false},"featured_media":17614,"comment_status":"open","ping_status":"closed","template":"","meta":{"_acf_changed":false},"brand":[1291],"product_cat":[1293],"product_tag":[],"class_list":{"0":"post-17982","1":"product","2":"type-product","3":"status-publish","4":"has-post-thumbnail","6":"brand-pietra-bianca-fr","7":"product_cat-accessoires-desalle-de-bains","9":"first","10":"instock","11":"shipping-taxable","12":"purchasable","13":"product-type-variable"},"acf":[],"_links":{"self":[{"href":"https:\/\/turkmenexporter.com\/fr\/wp-json\/wp\/v2\/product\/17982","targetHints":{"allow":["GET"]}}],"collection":[{"href":"https:\/\/turkmenexporter.com\/fr\/wp-json\/wp\/v2\/product"}],"about":[{"href":"https:\/\/turkmenexporter.com\/fr\/wp-json\/wp\/v2\/types\/product"}],"replies":[{"embeddable":true,"href":"https:\/\/turkmenexporter.com\/fr\/wp-json\/wp\/v2\/comments?post=17982"}],"version-history":[{"count":0,"href":"https:\/\/turkmenexporter.com\/fr\/wp-json\/wp\/v2\/product\/17982\/revisions"}],"wp:featuredmedia":[{"embeddable":true,"href":"https:\/\/turkmenexporter.com\/fr\/wp-json\/wp\/v2\/media\/17614"}],"wp:attachment":[{"href":"https:\/\/turkmenexporter.com\/fr\/wp-json\/wp\/v2\/media?parent=17982"}],"wp:term":[{"taxonomy":"brand","embeddable":true,"href":"https:\/\/turkmenexporter.com\/fr\/wp-json\/wp\/v2\/brand?post=17982"},{"taxonomy":"product_cat","embeddable":true,"href":"https:\/\/turkmenexporter.com\/fr\/wp-json\/wp\/v2\/product_cat?post=17982"},{"taxonomy":"product_tag","embeddable":true,"href":"https:\/\/turkmenexporter.com\/fr\/wp-json\/wp\/v2\/product_tag?post=17982"}],"curies":[{"name":"wp","href":"https:\/\/api.w.org\/{rel}","templated":true}]}}