{"id":17987,"date":"2025-07-16T14:18:07","date_gmt":"2025-07-16T09:18:07","guid":{"rendered":"https:\/\/turkmenexporter.com\/product\/au-dessus-du-comptoir-bassin-georgie\/"},"modified":"2025-07-16T14:18:07","modified_gmt":"2025-07-16T09:18:07","slug":"au-dessus-du-comptoir-bassin-georgie","status":"publish","type":"product","link":"https:\/\/turkmenexporter.com\/fr\/produit\/au-dessus-du-comptoir-bassin-georgie\/","title":{"rendered":"Vasque de comptoir Georgia"},"content":{"rendered":"<p>\u00c9l\u00e9gante et compacte, la vasque \u00e0 poser Pietra Bianca \u00ab\u00a0Georgia\u00a0\u00bb est fabriqu\u00e9e en Durastone de haute qualit\u00e9. Avec sa finition lisse et mate et son design minimaliste, elle est id\u00e9ale pour les int\u00e9rieurs de salles de bains modernes. <\/p>\n","protected":false},"excerpt":{"rendered":"<p>Pietra Bianca Vasque de comptoir<br \/>\nMat\u00e9riau : Durastone<\/p>\n","protected":false},"featured_media":17578,"comment_status":"open","ping_status":"closed","template":"","meta":{"_acf_changed":false},"brand":[1291],"product_cat":[1293],"product_tag":[],"class_list":{"0":"post-17987","1":"product","2":"type-product","3":"status-publish","4":"has-post-thumbnail","6":"brand-pietra-bianca-fr","7":"product_cat-accessoires-desalle-de-bains","9":"first","10":"instock","11":"shipping-taxable","12":"purchasable","13":"product-type-variable","14":"has-default-attributes"},"acf":[],"_links":{"self":[{"href":"https:\/\/turkmenexporter.com\/fr\/wp-json\/wp\/v2\/product\/17987","targetHints":{"allow":["GET"]}}],"collection":[{"href":"https:\/\/turkmenexporter.com\/fr\/wp-json\/wp\/v2\/product"}],"about":[{"href":"https:\/\/turkmenexporter.com\/fr\/wp-json\/wp\/v2\/types\/product"}],"replies":[{"embeddable":true,"href":"https:\/\/turkmenexporter.com\/fr\/wp-json\/wp\/v2\/comments?post=17987"}],"version-history":[{"count":0,"href":"https:\/\/turkmenexporter.com\/fr\/wp-json\/wp\/v2\/product\/17987\/revisions"}],"wp:featuredmedia":[{"embeddable":true,"href":"https:\/\/turkmenexporter.com\/fr\/wp-json\/wp\/v2\/media\/17578"}],"wp:attachment":[{"href":"https:\/\/turkmenexporter.com\/fr\/wp-json\/wp\/v2\/media?parent=17987"}],"wp:term":[{"taxonomy":"brand","embeddable":true,"href":"https:\/\/turkmenexporter.com\/fr\/wp-json\/wp\/v2\/brand?post=17987"},{"taxonomy":"product_cat","embeddable":true,"href":"https:\/\/turkmenexporter.com\/fr\/wp-json\/wp\/v2\/product_cat?post=17987"},{"taxonomy":"product_tag","embeddable":true,"href":"https:\/\/turkmenexporter.com\/fr\/wp-json\/wp\/v2\/product_tag?post=17987"}],"curies":[{"name":"wp","href":"https:\/\/api.w.org\/{rel}","templated":true}]}}