{"id":18570,"date":"2025-07-18T16:43:15","date_gmt":"2025-07-18T11:43:15","guid":{"rendered":"https:\/\/turkmenexporter.com\/product\/chaleur-couverture-sarayan\/"},"modified":"2025-07-18T17:06:42","modified_gmt":"2025-07-18T12:06:42","slug":"chaleur-couverture-sarayan","status":"publish","type":"product","link":"https:\/\/turkmenexporter.com\/fr\/produit\/chaleur-couverture-sarayan\/","title":{"rendered":"Combinaison thermique Sarayan"},"content":{"rendered":"<p>Les v\u00eatements de travail en nylon sont souvent utilis\u00e9s dans des domaines o\u00f9 une r\u00e9sistance \u00e9lev\u00e9e aux impacts physiques est requise, tels que la construction ou la fabrication.<\/p>\n<p>Le nylon est connu pour sa r\u00e9sistance et sa durabilit\u00e9. La r\u00e9sistance du nylon en fait un excellent choix pour la protection contre les dommages m\u00e9caniques. Il peut \u00e9galement \u00eatre hydrofuge, ce qui renforce la protection dans des conditions humides.  <\/p>\n","protected":false},"excerpt":{"rendered":"<p>Combinaisons de protection thermique isol\u00e9es, imperm\u00e9ables et coupe-vent en nylon (pantalon et veste avec capuche).<\/p>\n<p>Toute modification du design et de la taille peut \u00eatre n\u00e9goci\u00e9e.<\/p>\n<p>MOQ 10 ct.<\/p>\n","protected":false},"featured_media":18469,"comment_status":"open","ping_status":"closed","template":"","meta":{"_acf_changed":false},"brand":[1331],"product_cat":[1333],"product_tag":[848],"class_list":{"0":"post-18570","1":"product","2":"type-product","3":"status-publish","4":"has-post-thumbnail","6":"brand-sarayan-fr","7":"product_cat-vetements","8":"product_tag-front-product-fr","10":"first","11":"instock","12":"shipping-taxable","13":"purchasable","14":"product-type-simple"},"acf":[],"_links":{"self":[{"href":"https:\/\/turkmenexporter.com\/fr\/wp-json\/wp\/v2\/product\/18570","targetHints":{"allow":["GET"]}}],"collection":[{"href":"https:\/\/turkmenexporter.com\/fr\/wp-json\/wp\/v2\/product"}],"about":[{"href":"https:\/\/turkmenexporter.com\/fr\/wp-json\/wp\/v2\/types\/product"}],"replies":[{"embeddable":true,"href":"https:\/\/turkmenexporter.com\/fr\/wp-json\/wp\/v2\/comments?post=18570"}],"version-history":[{"count":1,"href":"https:\/\/turkmenexporter.com\/fr\/wp-json\/wp\/v2\/product\/18570\/revisions"}],"predecessor-version":[{"id":18588,"href":"https:\/\/turkmenexporter.com\/fr\/wp-json\/wp\/v2\/product\/18570\/revisions\/18588"}],"wp:featuredmedia":[{"embeddable":true,"href":"https:\/\/turkmenexporter.com\/fr\/wp-json\/wp\/v2\/media\/18469"}],"wp:attachment":[{"href":"https:\/\/turkmenexporter.com\/fr\/wp-json\/wp\/v2\/media?parent=18570"}],"wp:term":[{"taxonomy":"brand","embeddable":true,"href":"https:\/\/turkmenexporter.com\/fr\/wp-json\/wp\/v2\/brand?post=18570"},{"taxonomy":"product_cat","embeddable":true,"href":"https:\/\/turkmenexporter.com\/fr\/wp-json\/wp\/v2\/product_cat?post=18570"},{"taxonomy":"product_tag","embeddable":true,"href":"https:\/\/turkmenexporter.com\/fr\/wp-json\/wp\/v2\/product_tag?post=18570"}],"curies":[{"name":"wp","href":"https:\/\/api.w.org\/{rel}","templated":true}]}}