{"id":18571,"date":"2025-07-18T16:43:15","date_gmt":"2025-07-18T11:43:15","guid":{"rendered":"https:\/\/turkmenexporter.com\/product\/protection-sarayan-globale\/"},"modified":"2025-07-18T17:07:23","modified_gmt":"2025-07-18T12:07:23","slug":"protection-sarayan-globale","status":"publish","type":"product","link":"https:\/\/turkmenexporter.com\/fr\/produit\/protection-sarayan-globale\/","title":{"rendered":"Combinaison de protection Sarayan"},"content":{"rendered":"<p>Les v\u00eatements de travail en nylon sont souvent utilis\u00e9s dans des domaines o\u00f9 une r\u00e9sistance \u00e9lev\u00e9e aux impacts physiques est requise, tels que la construction ou la fabrication.<\/p>\n<p>La couleur des v\u00eatements de travail peut \u00eatre un \u00e9l\u00e9ment important, en particulier dans les situations de faible visibilit\u00e9. Des couleurs vives et distinctes telles que l&rsquo;orange, le jaune ou le rouge peuvent accro\u00eetre la visibilit\u00e9 du travailleur, ce qui est important dans les situations de construction ou de travaux routiers. <\/p>\n<p>Le nylon est connu pour sa r\u00e9sistance et sa durabilit\u00e9. La r\u00e9sistance du nylon en fait un excellent choix pour la protection contre les dommages m\u00e9caniques. Il peut \u00e9galement \u00eatre hydrofuge, ce qui renforce la protection dans des conditions humides.  <\/p>\n","protected":false},"excerpt":{"rendered":"<p>Combinaisons de protection thermique isol\u00e9es, imperm\u00e9ables et coupe-vent en nylon (pantalon et veste avec capuche).<\/p>\n<p>Toute modification du design et de la taille peut \u00eatre n\u00e9goci\u00e9e.<\/p>\n<p>Quantit\u00e9 minimale de commande 10 ct.<\/p>\n","protected":false},"featured_media":18488,"comment_status":"open","ping_status":"closed","template":"","meta":{"_acf_changed":false},"brand":[1331],"product_cat":[1333],"product_tag":[],"class_list":{"0":"post-18571","1":"product","2":"type-product","3":"status-publish","4":"has-post-thumbnail","6":"brand-sarayan-fr","7":"product_cat-vetements","9":"first","10":"instock","11":"shipping-taxable","12":"purchasable","13":"product-type-simple"},"acf":[],"_links":{"self":[{"href":"https:\/\/turkmenexporter.com\/fr\/wp-json\/wp\/v2\/product\/18571","targetHints":{"allow":["GET"]}}],"collection":[{"href":"https:\/\/turkmenexporter.com\/fr\/wp-json\/wp\/v2\/product"}],"about":[{"href":"https:\/\/turkmenexporter.com\/fr\/wp-json\/wp\/v2\/types\/product"}],"replies":[{"embeddable":true,"href":"https:\/\/turkmenexporter.com\/fr\/wp-json\/wp\/v2\/comments?post=18571"}],"version-history":[{"count":1,"href":"https:\/\/turkmenexporter.com\/fr\/wp-json\/wp\/v2\/product\/18571\/revisions"}],"predecessor-version":[{"id":18589,"href":"https:\/\/turkmenexporter.com\/fr\/wp-json\/wp\/v2\/product\/18571\/revisions\/18589"}],"wp:featuredmedia":[{"embeddable":true,"href":"https:\/\/turkmenexporter.com\/fr\/wp-json\/wp\/v2\/media\/18488"}],"wp:attachment":[{"href":"https:\/\/turkmenexporter.com\/fr\/wp-json\/wp\/v2\/media?parent=18571"}],"wp:term":[{"taxonomy":"brand","embeddable":true,"href":"https:\/\/turkmenexporter.com\/fr\/wp-json\/wp\/v2\/brand?post=18571"},{"taxonomy":"product_cat","embeddable":true,"href":"https:\/\/turkmenexporter.com\/fr\/wp-json\/wp\/v2\/product_cat?post=18571"},{"taxonomy":"product_tag","embeddable":true,"href":"https:\/\/turkmenexporter.com\/fr\/wp-json\/wp\/v2\/product_tag?post=18571"}],"curies":[{"name":"wp","href":"https:\/\/api.w.org\/{rel}","templated":true}]}}