{"id":18587,"date":"2025-07-18T16:43:13","date_gmt":"2025-07-18T11:43:13","guid":{"rendered":"https:\/\/turkmenexporter.com\/product\/pour-les-soudeurs-pour-hommes\/"},"modified":"2025-07-18T16:43:13","modified_gmt":"2025-07-18T11:43:13","slug":"pour-les-soudeurs-pour-hommes","status":"publish","type":"product","link":"https:\/\/turkmenexporter.com\/fr\/produit\/pour-les-soudeurs-pour-hommes\/","title":{"rendered":"Combinaison de soudeur pour hommes"},"content":{"rendered":"<p>Ensemble universel de v\u00eatements de travail &#8211; confort, protection et fonctionnalit\u00e9 ! La veste et le pantalon sont r\u00e9sistants \u00e0 l&rsquo;usure, \u00e0 la salet\u00e9 et \u00e0 l&rsquo;humidit\u00e9, ce qui garantit leur durabilit\u00e9. <\/p>\n<p>La coupe confortable n&rsquo;entrave pas les mouvements et le col montant prot\u00e8ge efficacement le cou du vent et de la poussi\u00e8re. Les poignets caoutchout\u00e9s emp\u00eachent la salet\u00e9 et l&rsquo;humidit\u00e9 de p\u00e9n\u00e9trer \u00e0 l&rsquo;int\u00e9rieur. De nombreuses poches avec fermetures sur la veste et le pantalon permettent de garder les outils et les petits objets \u00e0 port\u00e9e de main.  <\/p>\n<p>Le T-shirt 100 % coton respire et assure le confort m\u00eame par temps chaud, et la bande r\u00e9fl\u00e9chissante sur la poitrine rend le travailleur visible dans des conditions de faible luminosit\u00e9. Un excellent choix pour la s\u00e9curit\u00e9 et le confort au travail ! <\/p>\n","protected":false},"excerpt":{"rendered":"<p>Veste et pantalon en tissu m\u00e9lang\u00e9 durable (30-35% coton, 65-70% polyester)<\/p>\n<p>Tous les ajustements de design et de taille peuvent \u00eatre n\u00e9goci\u00e9s.<\/p>\n<p>Quantit\u00e9 minimale de commande 10 ct.<\/p>\n","protected":false},"featured_media":18421,"comment_status":"open","ping_status":"closed","template":"","meta":{"_acf_changed":false},"brand":[1331],"product_cat":[1333],"product_tag":[],"class_list":{"0":"post-18587","1":"product","2":"type-product","3":"status-publish","4":"has-post-thumbnail","6":"brand-sarayan-fr","7":"product_cat-vetements","9":"first","10":"instock","11":"shipping-taxable","12":"purchasable","13":"product-type-simple"},"acf":[],"_links":{"self":[{"href":"https:\/\/turkmenexporter.com\/fr\/wp-json\/wp\/v2\/product\/18587","targetHints":{"allow":["GET"]}}],"collection":[{"href":"https:\/\/turkmenexporter.com\/fr\/wp-json\/wp\/v2\/product"}],"about":[{"href":"https:\/\/turkmenexporter.com\/fr\/wp-json\/wp\/v2\/types\/product"}],"replies":[{"embeddable":true,"href":"https:\/\/turkmenexporter.com\/fr\/wp-json\/wp\/v2\/comments?post=18587"}],"version-history":[{"count":0,"href":"https:\/\/turkmenexporter.com\/fr\/wp-json\/wp\/v2\/product\/18587\/revisions"}],"wp:featuredmedia":[{"embeddable":true,"href":"https:\/\/turkmenexporter.com\/fr\/wp-json\/wp\/v2\/media\/18421"}],"wp:attachment":[{"href":"https:\/\/turkmenexporter.com\/fr\/wp-json\/wp\/v2\/media?parent=18587"}],"wp:term":[{"taxonomy":"brand","embeddable":true,"href":"https:\/\/turkmenexporter.com\/fr\/wp-json\/wp\/v2\/brand?post=18587"},{"taxonomy":"product_cat","embeddable":true,"href":"https:\/\/turkmenexporter.com\/fr\/wp-json\/wp\/v2\/product_cat?post=18587"},{"taxonomy":"product_tag","embeddable":true,"href":"https:\/\/turkmenexporter.com\/fr\/wp-json\/wp\/v2\/product_tag?post=18587"}],"curies":[{"name":"wp","href":"https:\/\/api.w.org\/{rel}","templated":true}]}}