{"id":18592,"date":"2025-07-18T16:43:13","date_gmt":"2025-07-18T11:43:13","guid":{"rendered":"https:\/\/turkmenexporter.com\/product\/combinaison-pour-electricien-sarayan\/"},"modified":"2025-07-18T16:43:13","modified_gmt":"2025-07-18T11:43:13","slug":"combinaison-pour-electricien-sarayan","status":"publish","type":"product","link":"https:\/\/turkmenexporter.com\/fr\/produit\/combinaison-pour-electricien-sarayan\/","title":{"rendered":"Combinaison pour l&rsquo;\u00e9lectricien Sarayan"},"content":{"rendered":"<p>Bandes r\u00e9fl\u00e9chissantes: Les \u00e9l\u00e9ments r\u00e9fl\u00e9chissants int\u00e9gr\u00e9s am\u00e9liorent la visibilit\u00e9 des travailleurs dans des conditions de faible luminosit\u00e9 ou la nuit, ce qui accro\u00eet consid\u00e9rablement la s\u00e9curit\u00e9 sur le lieu de travail. Le T-shirt est fabriqu\u00e9 en 100 % coton supr\u00eame. <\/p>\n<p>La gabardine r\u00e9sistante \u00e0 l&rsquo;usure prot\u00e8ge contre la salet\u00e9 et r\u00e9siste \u00e0 un usage intensif, tout en conservant un aspect soign\u00e9. La coupe anatomique n&rsquo;entrave pas les mouvements et les poches pratiques vous permettent de garder tout ce dont vous avez besoin \u00e0 port\u00e9e de main. Les fermetures fastex fiables permettent une fixation rapide et facilitent l&rsquo;enfilage. Facile \u00e0 entretenir, r\u00e9sistant aux dommages m\u00e9caniques, c&rsquo;est le choix id\u00e9al pour le travail et l&rsquo;activit\u00e9 physique !   <\/p>\n","protected":false},"excerpt":{"rendered":"<p>La salopette et la veste ont \u00e9t\u00e9 fabriqu\u00e9es en gabardine, qui est compos\u00e9e de 60 % de coton et de 40 % de polyester.<\/p>\n<p>Toute modification du dessin et de la taille peut \u00eatre n\u00e9goci\u00e9e.<\/p>\n<p>Quantit\u00e9 minimale de commande 10 ct.<\/p>\n","protected":false},"featured_media":18403,"comment_status":"open","ping_status":"closed","template":"","meta":{"_acf_changed":false},"brand":[1331],"product_cat":[1333],"product_tag":[],"class_list":{"0":"post-18592","1":"product","2":"type-product","3":"status-publish","4":"has-post-thumbnail","6":"brand-sarayan-fr","7":"product_cat-vetements","9":"first","10":"instock","11":"shipping-taxable","12":"purchasable","13":"product-type-simple"},"acf":[],"_links":{"self":[{"href":"https:\/\/turkmenexporter.com\/fr\/wp-json\/wp\/v2\/product\/18592","targetHints":{"allow":["GET"]}}],"collection":[{"href":"https:\/\/turkmenexporter.com\/fr\/wp-json\/wp\/v2\/product"}],"about":[{"href":"https:\/\/turkmenexporter.com\/fr\/wp-json\/wp\/v2\/types\/product"}],"replies":[{"embeddable":true,"href":"https:\/\/turkmenexporter.com\/fr\/wp-json\/wp\/v2\/comments?post=18592"}],"version-history":[{"count":0,"href":"https:\/\/turkmenexporter.com\/fr\/wp-json\/wp\/v2\/product\/18592\/revisions"}],"wp:featuredmedia":[{"embeddable":true,"href":"https:\/\/turkmenexporter.com\/fr\/wp-json\/wp\/v2\/media\/18403"}],"wp:attachment":[{"href":"https:\/\/turkmenexporter.com\/fr\/wp-json\/wp\/v2\/media?parent=18592"}],"wp:term":[{"taxonomy":"brand","embeddable":true,"href":"https:\/\/turkmenexporter.com\/fr\/wp-json\/wp\/v2\/brand?post=18592"},{"taxonomy":"product_cat","embeddable":true,"href":"https:\/\/turkmenexporter.com\/fr\/wp-json\/wp\/v2\/product_cat?post=18592"},{"taxonomy":"product_tag","embeddable":true,"href":"https:\/\/turkmenexporter.com\/fr\/wp-json\/wp\/v2\/product_tag?post=18592"}],"curies":[{"name":"wp","href":"https:\/\/api.w.org\/{rel}","templated":true}]}}