{"id":18593,"date":"2025-07-18T16:43:12","date_gmt":"2025-07-18T11:43:12","guid":{"rendered":"https:\/\/turkmenexporter.com\/product\/combinaison-pour-militaire-sarayan\/"},"modified":"2025-07-18T16:43:12","modified_gmt":"2025-07-18T11:43:12","slug":"combinaison-pour-militaire-sarayan","status":"publish","type":"product","link":"https:\/\/turkmenexporter.com\/fr\/produit\/combinaison-pour-militaire-sarayan\/","title":{"rendered":"Combinaison pour militaire Sarayan"},"content":{"rendered":"<p>Uniforme tactique de style militaire &#8211; protection, confort et fonctionnalit\u00e9 pour les loisirs actifs !<\/p>\n<p>Le tissu rip-stop durable r\u00e9siste aux d\u00e9chirures et \u00e0 l&rsquo;usure, et l&rsquo;impr\u00e9gnation d\u00e9perlante prot\u00e8ge de la pluie et de l&rsquo;humidit\u00e9.<\/p>\n<p>Le col anatomique ne frotte pas et cr\u00e9e un confort m\u00eame en cas de port prolong\u00e9.<\/p>\n<p>De nombreuses poches bien pens\u00e9es pour l&rsquo;\u00e9quipement et les accessoires sont toujours \u00e0 port\u00e9e de main.<\/p>\n<p>Les doubles attaches assurent une fixation fiable. Une libert\u00e9 de mouvement maximale et une confiance en soi dans toutes les situations ! <\/p>\n","protected":false},"excerpt":{"rendered":"<p>Salopette militaire d&rsquo;une seule pi\u00e8ce .<\/p>\n<p>Fabriqu\u00e9e dans un mat\u00e9riau rip-stop durable .<\/p>\n<p>Toute modification du design et de la taille peut \u00eatre n\u00e9goci\u00e9e.<\/p>\n<p>Quantit\u00e9 minimale de commande 10 ct.<\/p>\n","protected":false},"featured_media":18343,"comment_status":"open","ping_status":"closed","template":"","meta":{"_acf_changed":false},"brand":[1331],"product_cat":[1333],"product_tag":[],"class_list":{"0":"post-18593","1":"product","2":"type-product","3":"status-publish","4":"has-post-thumbnail","6":"brand-sarayan-fr","7":"product_cat-vetements","9":"first","10":"instock","11":"shipping-taxable","12":"purchasable","13":"product-type-simple"},"acf":[],"_links":{"self":[{"href":"https:\/\/turkmenexporter.com\/fr\/wp-json\/wp\/v2\/product\/18593","targetHints":{"allow":["GET"]}}],"collection":[{"href":"https:\/\/turkmenexporter.com\/fr\/wp-json\/wp\/v2\/product"}],"about":[{"href":"https:\/\/turkmenexporter.com\/fr\/wp-json\/wp\/v2\/types\/product"}],"replies":[{"embeddable":true,"href":"https:\/\/turkmenexporter.com\/fr\/wp-json\/wp\/v2\/comments?post=18593"}],"version-history":[{"count":0,"href":"https:\/\/turkmenexporter.com\/fr\/wp-json\/wp\/v2\/product\/18593\/revisions"}],"wp:featuredmedia":[{"embeddable":true,"href":"https:\/\/turkmenexporter.com\/fr\/wp-json\/wp\/v2\/media\/18343"}],"wp:attachment":[{"href":"https:\/\/turkmenexporter.com\/fr\/wp-json\/wp\/v2\/media?parent=18593"}],"wp:term":[{"taxonomy":"brand","embeddable":true,"href":"https:\/\/turkmenexporter.com\/fr\/wp-json\/wp\/v2\/brand?post=18593"},{"taxonomy":"product_cat","embeddable":true,"href":"https:\/\/turkmenexporter.com\/fr\/wp-json\/wp\/v2\/product_cat?post=18593"},{"taxonomy":"product_tag","embeddable":true,"href":"https:\/\/turkmenexporter.com\/fr\/wp-json\/wp\/v2\/product_tag?post=18593"}],"curies":[{"name":"wp","href":"https:\/\/api.w.org\/{rel}","templated":true}]}}