{"id":18595,"date":"2025-07-18T16:43:12","date_gmt":"2025-07-18T11:43:12","guid":{"rendered":"https:\/\/turkmenexporter.com\/product\/combinaison-pour-travailleur-general-pour-hommes\/"},"modified":"2025-07-18T16:43:12","modified_gmt":"2025-07-18T11:43:12","slug":"combinaison-pour-travailleur-general-pour-hommes","status":"publish","type":"product","link":"https:\/\/turkmenexporter.com\/fr\/produit\/combinaison-pour-travailleur-general-pour-hommes\/","title":{"rendered":"Combinaison de travail pour hommes"},"content":{"rendered":"<p>De nombreuses poches permettent de ranger facilement les petits objets et les effets personnels, toujours \u00e0 port\u00e9e de main et en toute s\u00e9curit\u00e9.<\/p>\n<p>Les \u00e9l\u00e9ments r\u00e9fl\u00e9chissants augmentent la visibilit\u00e9 dans l&rsquo;obscurit\u00e9, offrant une s\u00e9curit\u00e9 suppl\u00e9mentaire lorsque l&rsquo;on travaille dans des conditions de faible luminosit\u00e9.<\/p>\n","protected":false},"excerpt":{"rendered":"<p>Pantalon et veste en gabardine \u00e9paisse, 100% coton.<\/p>\n<p>Toute modification du design et de la taille peut \u00eatre n\u00e9goci\u00e9e.<\/p>\n<p>Quantit\u00e9 minimale de commande 10 ct.<\/p>\n","protected":false},"featured_media":18379,"comment_status":"open","ping_status":"closed","template":"","meta":{"_acf_changed":false},"brand":[1331],"product_cat":[1333],"product_tag":[],"class_list":{"0":"post-18595","1":"product","2":"type-product","3":"status-publish","4":"has-post-thumbnail","6":"brand-sarayan-fr","7":"product_cat-vetements","9":"first","10":"instock","11":"shipping-taxable","12":"purchasable","13":"product-type-simple"},"acf":[],"_links":{"self":[{"href":"https:\/\/turkmenexporter.com\/fr\/wp-json\/wp\/v2\/product\/18595","targetHints":{"allow":["GET"]}}],"collection":[{"href":"https:\/\/turkmenexporter.com\/fr\/wp-json\/wp\/v2\/product"}],"about":[{"href":"https:\/\/turkmenexporter.com\/fr\/wp-json\/wp\/v2\/types\/product"}],"replies":[{"embeddable":true,"href":"https:\/\/turkmenexporter.com\/fr\/wp-json\/wp\/v2\/comments?post=18595"}],"version-history":[{"count":0,"href":"https:\/\/turkmenexporter.com\/fr\/wp-json\/wp\/v2\/product\/18595\/revisions"}],"wp:featuredmedia":[{"embeddable":true,"href":"https:\/\/turkmenexporter.com\/fr\/wp-json\/wp\/v2\/media\/18379"}],"wp:attachment":[{"href":"https:\/\/turkmenexporter.com\/fr\/wp-json\/wp\/v2\/media?parent=18595"}],"wp:term":[{"taxonomy":"brand","embeddable":true,"href":"https:\/\/turkmenexporter.com\/fr\/wp-json\/wp\/v2\/brand?post=18595"},{"taxonomy":"product_cat","embeddable":true,"href":"https:\/\/turkmenexporter.com\/fr\/wp-json\/wp\/v2\/product_cat?post=18595"},{"taxonomy":"product_tag","embeddable":true,"href":"https:\/\/turkmenexporter.com\/fr\/wp-json\/wp\/v2\/product_tag?post=18595"}],"curies":[{"name":"wp","href":"https:\/\/api.w.org\/{rel}","templated":true}]}}