{"id":18596,"date":"2025-07-18T16:43:11","date_gmt":"2025-07-18T11:43:11","guid":{"rendered":"https:\/\/turkmenexporter.com\/product\/combinaison-pour-le-chef-sarayan\/"},"modified":"2025-07-18T16:43:11","modified_gmt":"2025-07-18T11:43:11","slug":"combinaison-pour-le-chef-sarayan","status":"publish","type":"product","link":"https:\/\/turkmenexporter.com\/fr\/produit\/combinaison-pour-le-chef-sarayan\/","title":{"rendered":"Combinaison pour le chef Sarayan"},"content":{"rendered":"<p>L&rsquo;\u00e9l\u00e9gance et la praticit\u00e9 dans les moindres d\u00e9tails ! La gabardine durable et respirante assure le confort pendant toute la dur\u00e9e du service, et un cordon de serrage pratique garantit une fixation s\u00fbre.  <\/p>\n<p>Le tablier \u00e0 bretelles est l&rsquo;\u00e9quilibre parfait entre style et confort ! La gabardine l\u00e9g\u00e8re n&rsquo;entrave pas les mouvements et assure le confort m\u00eame dans une cuisine chaude. Les poches profondes permettent de garder les outils \u00e0 port\u00e9e de main et les bretelles r\u00e9glables assurent un ajustement parfait. Des poches fonctionnelles pour les petits objets essentiels et la personnalisation avec un logo rendront votre marque encore plus visible !   <\/p>\n","protected":false},"excerpt":{"rendered":"<p>V\u00eatements de travail pour cuisinier et employ\u00e9 de cuisine (pantalon, tunique, tablier et bonnet).<\/p>\n<p>Fabriqu\u00e9 en tissu terricotton, qui contient 96% de coton et 4% d&rsquo;\u00e9lasthanne.<\/p>\n<p>Toute modification du design et de la taille peut \u00eatre n\u00e9goci\u00e9e.<\/p>\n<p>Quantit\u00e9 minimale de commande 10 ct.<\/p>\n","protected":false},"featured_media":18289,"comment_status":"open","ping_status":"closed","template":"","meta":{"_acf_changed":false},"brand":[1331],"product_cat":[1333],"product_tag":[],"class_list":{"0":"post-18596","1":"product","2":"type-product","3":"status-publish","4":"has-post-thumbnail","6":"brand-sarayan-fr","7":"product_cat-vetements","9":"first","10":"instock","11":"shipping-taxable","12":"purchasable","13":"product-type-simple"},"acf":[],"_links":{"self":[{"href":"https:\/\/turkmenexporter.com\/fr\/wp-json\/wp\/v2\/product\/18596","targetHints":{"allow":["GET"]}}],"collection":[{"href":"https:\/\/turkmenexporter.com\/fr\/wp-json\/wp\/v2\/product"}],"about":[{"href":"https:\/\/turkmenexporter.com\/fr\/wp-json\/wp\/v2\/types\/product"}],"replies":[{"embeddable":true,"href":"https:\/\/turkmenexporter.com\/fr\/wp-json\/wp\/v2\/comments?post=18596"}],"version-history":[{"count":0,"href":"https:\/\/turkmenexporter.com\/fr\/wp-json\/wp\/v2\/product\/18596\/revisions"}],"wp:featuredmedia":[{"embeddable":true,"href":"https:\/\/turkmenexporter.com\/fr\/wp-json\/wp\/v2\/media\/18289"}],"wp:attachment":[{"href":"https:\/\/turkmenexporter.com\/fr\/wp-json\/wp\/v2\/media?parent=18596"}],"wp:term":[{"taxonomy":"brand","embeddable":true,"href":"https:\/\/turkmenexporter.com\/fr\/wp-json\/wp\/v2\/brand?post=18596"},{"taxonomy":"product_cat","embeddable":true,"href":"https:\/\/turkmenexporter.com\/fr\/wp-json\/wp\/v2\/product_cat?post=18596"},{"taxonomy":"product_tag","embeddable":true,"href":"https:\/\/turkmenexporter.com\/fr\/wp-json\/wp\/v2\/product_tag?post=18596"}],"curies":[{"name":"wp","href":"https:\/\/api.w.org\/{rel}","templated":true}]}}