{"id":18597,"date":"2025-07-18T16:43:11","date_gmt":"2025-07-18T11:43:11","guid":{"rendered":"https:\/\/turkmenexporter.com\/product\/combinaison-pour-cuisinier\/"},"modified":"2025-07-18T16:43:11","modified_gmt":"2025-07-18T11:43:11","slug":"combinaison-pour-cuisinier","status":"publish","type":"product","link":"https:\/\/turkmenexporter.com\/fr\/produit\/combinaison-pour-cuisinier\/","title":{"rendered":"Combinaison pour chef cuisinier"},"content":{"rendered":"<p>Les v\u00eatements de chef en terricotton allient durabilit\u00e9, respirabilit\u00e9 et r\u00e9sistance \u00e0 la salet\u00e9, ce qui assure le confort dans une cuisine chaude.<\/p>\n<p>Les boutons cach\u00e9s \u00e9vitent qu&rsquo;ils ne p\u00e9n\u00e8trent accidentellement dans les aliments, ce qui am\u00e9liore l&rsquo;hygi\u00e8ne et la s\u00e9curit\u00e9.<\/p>\n<p>Les poches des pantalons et les poignets \u00e9pais rendent les v\u00eatements plus confortables et plus fonctionnels. Les poches permettent de garder \u00e0 port\u00e9e de main les petits objets n\u00e9cessaires, et les poignets prot\u00e8gent de la salet\u00e9, des liquides et de la vapeur chaude. <\/p>\n<p>Un col montant prot\u00e8ge le cou de la vapeur chaude, des \u00e9claboussures d&rsquo; huile et de la salet\u00e9, ce qui permet de conserver une apparence soign\u00e9e et d&rsquo; accro\u00eetre le confort pendant les travaux de longue dur\u00e9e.<\/p>\n","protected":false},"excerpt":{"rendered":"<p>V\u00eatements de travail pour cuisinier ( pantalon, tunique, tablier et bonnet).<\/p>\n<p>Fabriqu\u00e9 en terricoton, qui contient 96% de coton et 4% d&rsquo;\u00e9lasthanne.<\/p>\n<p>Toute modification du design et de la taille peut \u00eatre n\u00e9goci\u00e9e .<\/p>\n<p>Quantit\u00e9 minimale de commande 10 ct.<\/p>\n","protected":false},"featured_media":18307,"comment_status":"open","ping_status":"closed","template":"","meta":{"_acf_changed":false},"brand":[1331],"product_cat":[1333],"product_tag":[848],"class_list":{"0":"post-18597","1":"product","2":"type-product","3":"status-publish","4":"has-post-thumbnail","6":"brand-sarayan-fr","7":"product_cat-vetements","8":"product_tag-front-product-fr","10":"first","11":"instock","12":"shipping-taxable","13":"purchasable","14":"product-type-simple"},"acf":[],"_links":{"self":[{"href":"https:\/\/turkmenexporter.com\/fr\/wp-json\/wp\/v2\/product\/18597","targetHints":{"allow":["GET"]}}],"collection":[{"href":"https:\/\/turkmenexporter.com\/fr\/wp-json\/wp\/v2\/product"}],"about":[{"href":"https:\/\/turkmenexporter.com\/fr\/wp-json\/wp\/v2\/types\/product"}],"replies":[{"embeddable":true,"href":"https:\/\/turkmenexporter.com\/fr\/wp-json\/wp\/v2\/comments?post=18597"}],"version-history":[{"count":0,"href":"https:\/\/turkmenexporter.com\/fr\/wp-json\/wp\/v2\/product\/18597\/revisions"}],"wp:featuredmedia":[{"embeddable":true,"href":"https:\/\/turkmenexporter.com\/fr\/wp-json\/wp\/v2\/media\/18307"}],"wp:attachment":[{"href":"https:\/\/turkmenexporter.com\/fr\/wp-json\/wp\/v2\/media?parent=18597"}],"wp:term":[{"taxonomy":"brand","embeddable":true,"href":"https:\/\/turkmenexporter.com\/fr\/wp-json\/wp\/v2\/brand?post=18597"},{"taxonomy":"product_cat","embeddable":true,"href":"https:\/\/turkmenexporter.com\/fr\/wp-json\/wp\/v2\/product_cat?post=18597"},{"taxonomy":"product_tag","embeddable":true,"href":"https:\/\/turkmenexporter.com\/fr\/wp-json\/wp\/v2\/product_tag?post=18597"}],"curies":[{"name":"wp","href":"https:\/\/api.w.org\/{rel}","templated":true}]}}