{"id":18598,"date":"2025-07-18T16:43:11","date_gmt":"2025-07-18T11:43:11","guid":{"rendered":"https:\/\/turkmenexporter.com\/product\/combinaison-pour-la-securite-sarayan\/"},"modified":"2025-07-18T16:43:11","modified_gmt":"2025-07-18T11:43:11","slug":"combinaison-pour-la-securite-sarayan","status":"publish","type":"product","link":"https:\/\/turkmenexporter.com\/fr\/produit\/combinaison-pour-la-securite-sarayan\/","title":{"rendered":"Combinaison de s\u00e9curit\u00e9 Sarayan"},"content":{"rendered":"<p>L&rsquo;uniforme des agents de s\u00e9curit\u00e9 allie confort, praticit\u00e9 et s\u00e9curit\u00e9.<\/p>\n<p>La chemise en coton est respirante et confortable \u00e0 long terme, et le pantalon en gabardine est r\u00e9sistant \u00e0 l&rsquo;usure et conserve une apparence soign\u00e9e.<\/p>\n<p>Les \u00e9l\u00e9ments r\u00e9fl\u00e9chissants augmentent la visibilit\u00e9 dans l&rsquo;obscurit\u00e9, offrant une s\u00e9curit\u00e9 suppl\u00e9mentaire lors du travail dans des conditions de faible luminosit\u00e9.<\/p>\n","protected":false},"excerpt":{"rendered":"<p>Salopette une pi\u00e8ce pour agent de s\u00e9curit\u00e9.<\/p>\n<p>La chemise est en popeline, qui contient 100 % de coton, et le pantalon est en gabardine, qui contient \u00e9galement 100 % de coton.<\/p>\n<p>Toute modification du design et de la taille peut \u00eatre n\u00e9goci\u00e9e.<\/p>\n<p>Quantit\u00e9 minimale de commande 10 ct.<\/p>\n","protected":false},"featured_media":18325,"comment_status":"open","ping_status":"closed","template":"","meta":{"_acf_changed":false},"brand":[1331],"product_cat":[1333],"product_tag":[],"class_list":{"0":"post-18598","1":"product","2":"type-product","3":"status-publish","4":"has-post-thumbnail","6":"brand-sarayan-fr","7":"product_cat-vetements","9":"first","10":"instock","11":"shipping-taxable","12":"purchasable","13":"product-type-simple"},"acf":[],"_links":{"self":[{"href":"https:\/\/turkmenexporter.com\/fr\/wp-json\/wp\/v2\/product\/18598","targetHints":{"allow":["GET"]}}],"collection":[{"href":"https:\/\/turkmenexporter.com\/fr\/wp-json\/wp\/v2\/product"}],"about":[{"href":"https:\/\/turkmenexporter.com\/fr\/wp-json\/wp\/v2\/types\/product"}],"replies":[{"embeddable":true,"href":"https:\/\/turkmenexporter.com\/fr\/wp-json\/wp\/v2\/comments?post=18598"}],"version-history":[{"count":0,"href":"https:\/\/turkmenexporter.com\/fr\/wp-json\/wp\/v2\/product\/18598\/revisions"}],"wp:featuredmedia":[{"embeddable":true,"href":"https:\/\/turkmenexporter.com\/fr\/wp-json\/wp\/v2\/media\/18325"}],"wp:attachment":[{"href":"https:\/\/turkmenexporter.com\/fr\/wp-json\/wp\/v2\/media?parent=18598"}],"wp:term":[{"taxonomy":"brand","embeddable":true,"href":"https:\/\/turkmenexporter.com\/fr\/wp-json\/wp\/v2\/brand?post=18598"},{"taxonomy":"product_cat","embeddable":true,"href":"https:\/\/turkmenexporter.com\/fr\/wp-json\/wp\/v2\/product_cat?post=18598"},{"taxonomy":"product_tag","embeddable":true,"href":"https:\/\/turkmenexporter.com\/fr\/wp-json\/wp\/v2\/product_tag?post=18598"}],"curies":[{"name":"wp","href":"https:\/\/api.w.org\/{rel}","templated":true}]}}