{"id":18599,"date":"2025-07-18T16:43:10","date_gmt":"2025-07-18T11:43:10","guid":{"rendered":"https:\/\/turkmenexporter.com\/product\/combinaison-en-tissu-extensible-pour-infirmiere\/"},"modified":"2025-07-18T16:43:10","modified_gmt":"2025-07-18T11:43:10","slug":"combinaison-en-tissu-extensible-pour-infirmiere","status":"publish","type":"product","link":"https:\/\/turkmenexporter.com\/fr\/produit\/combinaison-en-tissu-extensible-pour-infirmiere\/","title":{"rendered":"Combinaison en tissu extensible pour infirmi\u00e8re"},"content":{"rendered":"<p>Ce tissu est similaire au satori en apparence et au toucher, mais gr\u00e2ce \u00e0 l&rsquo;\u00e9lasthanne qui entre dans sa composition, ses caract\u00e9ristiques changent.<\/p>\n<p>R\u00e9sistance \u00e0 la st\u00e9rilisation et aux traitements &#8211; les v\u00eatements peuvent r\u00e9sister \u00e0 des lavages fr\u00e9quents \u00e0 haute temp\u00e9rature, \u00e0 la d\u00e9sinfection et \u00e0 l&rsquo;autoclavage, ce qui est important pour le maintien des normes sanitaires dans les \u00e9tablissements de sant\u00e9.<\/p>\n<p>Hypoallerg\u00e9nique et s\u00fbr &#8211; ne provoque pas d&rsquo;irritation de la peau ni de r\u00e9actions allergiques, ce qui est particuli\u00e8rement important pour le personnel m\u00e9dical et les patients \u00e0 la peau sensible.<\/p>\n","protected":false},"excerpt":{"rendered":"<p>V\u00eatements sp\u00e9ciaux pour le personnel m\u00e9dical (blouse, pantalon, casquette et veste).<\/p>\n<p>Stretch classique, 59% coton \/ 39% polyester \/ 2% \u00e9lasthanne.<\/p>\n<p>Tout ajustement dans le design et la taille peut \u00eatre n\u00e9goci\u00e9.<\/p>\n<p>MOQ 10 ct.<\/p>\n","protected":false},"featured_media":18253,"comment_status":"open","ping_status":"closed","template":"","meta":{"_acf_changed":false},"brand":[1331],"product_cat":[1333],"product_tag":[],"class_list":{"0":"post-18599","1":"product","2":"type-product","3":"status-publish","4":"has-post-thumbnail","6":"brand-sarayan-fr","7":"product_cat-vetements","9":"first","10":"instock","11":"shipping-taxable","12":"purchasable","13":"product-type-simple"},"acf":[],"_links":{"self":[{"href":"https:\/\/turkmenexporter.com\/fr\/wp-json\/wp\/v2\/product\/18599","targetHints":{"allow":["GET"]}}],"collection":[{"href":"https:\/\/turkmenexporter.com\/fr\/wp-json\/wp\/v2\/product"}],"about":[{"href":"https:\/\/turkmenexporter.com\/fr\/wp-json\/wp\/v2\/types\/product"}],"replies":[{"embeddable":true,"href":"https:\/\/turkmenexporter.com\/fr\/wp-json\/wp\/v2\/comments?post=18599"}],"version-history":[{"count":0,"href":"https:\/\/turkmenexporter.com\/fr\/wp-json\/wp\/v2\/product\/18599\/revisions"}],"wp:featuredmedia":[{"embeddable":true,"href":"https:\/\/turkmenexporter.com\/fr\/wp-json\/wp\/v2\/media\/18253"}],"wp:attachment":[{"href":"https:\/\/turkmenexporter.com\/fr\/wp-json\/wp\/v2\/media?parent=18599"}],"wp:term":[{"taxonomy":"brand","embeddable":true,"href":"https:\/\/turkmenexporter.com\/fr\/wp-json\/wp\/v2\/brand?post=18599"},{"taxonomy":"product_cat","embeddable":true,"href":"https:\/\/turkmenexporter.com\/fr\/wp-json\/wp\/v2\/product_cat?post=18599"},{"taxonomy":"product_tag","embeddable":true,"href":"https:\/\/turkmenexporter.com\/fr\/wp-json\/wp\/v2\/product_tag?post=18599"}],"curies":[{"name":"wp","href":"https:\/\/api.w.org\/{rel}","templated":true}]}}