{"id":18600,"date":"2025-07-18T16:43:10","date_gmt":"2025-07-18T11:43:10","guid":{"rendered":"https:\/\/turkmenexporter.com\/product\/combinaison-pour-chef-pour-hommes\/"},"modified":"2025-07-18T16:43:10","modified_gmt":"2025-07-18T11:43:10","slug":"combinaison-pour-chef-pour-hommes","status":"publish","type":"product","link":"https:\/\/turkmenexporter.com\/fr\/produit\/combinaison-pour-chef-pour-hommes\/","title":{"rendered":"Combinaison pour chef cuisinier pour hommes"},"content":{"rendered":"<p>Les v\u00eatements de chef en terricoton allient durabilit\u00e9, respirabilit\u00e9 et r\u00e9sistance \u00e0 la salet\u00e9, ce qui assure le confort dans une cuisine chaude.<\/p>\n<p>Les boutons cach\u00e9s les emp\u00eachent de p\u00e9n\u00e9trer accidentellement dans les aliments, ce qui accro\u00eet l&rsquo;hygi\u00e8ne et la s\u00e9curit\u00e9.<\/p>\n<p>Les poches fonctionnelles permettent de ranger les petits ustensiles de cuisine \u00e0 port\u00e9e de main, et la coupe ample offre une grande libert\u00e9 de mouvement, sans entraver le travail m\u00eame en cas d&rsquo;activit\u00e9 intense.<\/p>\n<p>L&rsquo;originalit\u00e9 du v\u00eatement r\u00e9side dans les boutons cach\u00e9s, qui ajoutent de la beaut\u00e9 et de l&rsquo;originalit\u00e9 au produit.<\/p>\n","protected":false},"excerpt":{"rendered":"<p>V\u00eatements de travail pour cuisinier et employ\u00e9 de cuisine (pantalon, tunique, tablier et bonnet).<\/p>\n<p>Fabriqu\u00e9 en tissu terricotton, qui contient 96% de coton et 4% d&rsquo;\u00e9lasthanne.<\/p>\n<p>Toute modification du design et de la taille peut \u00eatre n\u00e9goci\u00e9e.<\/p>\n<p>MOQ 10 ct.<\/p>\n","protected":false},"featured_media":18265,"comment_status":"open","ping_status":"closed","template":"","meta":{"_acf_changed":false},"brand":[1331],"product_cat":[1333],"product_tag":[],"class_list":{"0":"post-18600","1":"product","2":"type-product","3":"status-publish","4":"has-post-thumbnail","6":"brand-sarayan-fr","7":"product_cat-vetements","9":"first","10":"instock","11":"shipping-taxable","12":"purchasable","13":"product-type-simple"},"acf":[],"_links":{"self":[{"href":"https:\/\/turkmenexporter.com\/fr\/wp-json\/wp\/v2\/product\/18600","targetHints":{"allow":["GET"]}}],"collection":[{"href":"https:\/\/turkmenexporter.com\/fr\/wp-json\/wp\/v2\/product"}],"about":[{"href":"https:\/\/turkmenexporter.com\/fr\/wp-json\/wp\/v2\/types\/product"}],"replies":[{"embeddable":true,"href":"https:\/\/turkmenexporter.com\/fr\/wp-json\/wp\/v2\/comments?post=18600"}],"version-history":[{"count":0,"href":"https:\/\/turkmenexporter.com\/fr\/wp-json\/wp\/v2\/product\/18600\/revisions"}],"wp:featuredmedia":[{"embeddable":true,"href":"https:\/\/turkmenexporter.com\/fr\/wp-json\/wp\/v2\/media\/18265"}],"wp:attachment":[{"href":"https:\/\/turkmenexporter.com\/fr\/wp-json\/wp\/v2\/media?parent=18600"}],"wp:term":[{"taxonomy":"brand","embeddable":true,"href":"https:\/\/turkmenexporter.com\/fr\/wp-json\/wp\/v2\/brand?post=18600"},{"taxonomy":"product_cat","embeddable":true,"href":"https:\/\/turkmenexporter.com\/fr\/wp-json\/wp\/v2\/product_cat?post=18600"},{"taxonomy":"product_tag","embeddable":true,"href":"https:\/\/turkmenexporter.com\/fr\/wp-json\/wp\/v2\/product_tag?post=18600"}],"curies":[{"name":"wp","href":"https:\/\/api.w.org\/{rel}","templated":true}]}}