{"id":18601,"date":"2025-07-18T16:43:09","date_gmt":"2025-07-18T11:43:09","guid":{"rendered":"https:\/\/turkmenexporter.com\/product\/combinaison-pour-infirmiere-sarayan\/"},"modified":"2025-07-18T16:43:09","modified_gmt":"2025-07-18T11:43:09","slug":"combinaison-pour-infirmiere-sarayan","status":"publish","type":"product","link":"https:\/\/turkmenexporter.com\/fr\/produit\/combinaison-pour-infirmiere-sarayan\/","title":{"rendered":"Combinaison pour infirmi\u00e8re Sarayan"},"content":{"rendered":"<p>Les v\u00eatements de travail en coton sont souvent utilis\u00e9s dans des environnements o\u00f9 une bonne respirabilit\u00e9 est importante, comme dans les \u00e9tablissements de sant\u00e9. Toutefois, il peut \u00eatre moins durable que les mati\u00e8res synth\u00e9tiques et ses propri\u00e9t\u00e9s d&rsquo; absorption de l&rsquo;humidit\u00e9 peuvent le rendre moins adapt\u00e9 aux environnements \u00e0 forte hygrom\u00e9trie. <\/p>\n<p>R\u00e9sistance \u00e0 la st\u00e9rilisation et aux traitements &#8211; les v\u00eatements en coton peuvent r\u00e9sister \u00e0 des lavages fr\u00e9quents \u00e0 haute temp\u00e9rature, \u00e0 la d\u00e9sinfection et \u00e0 l&rsquo;autoclavage, ce qui est important pour le maintien des normes sanitaires dans les \u00e9tablissements de soins de sant\u00e9.<\/p>\n<p>Hypoallerg\u00e9nique et s\u00fbr &#8211; Le coton \u00e0 100 % ne provoque pas d&rsquo;irritation de la peau ni de r\u00e9actions allergiques, ce qui est particuli\u00e8rement important pour le personnel m\u00e9dical et les patients \u00e0 la peau sensible.<\/p>\n","protected":false},"excerpt":{"rendered":"<p>V\u00eatements sp\u00e9ciaux pour le personnel m\u00e9dical (blouse, pantalon, bonnet et veste).<\/p>\n<p>Fabriqu\u00e9 en 100% coton.<\/p>\n<p>Tout ajustement dans le design et la taille peut \u00eatre n\u00e9goci\u00e9.<\/p>\n<p>MOQ 10 ct.<\/p>\n","protected":false},"featured_media":18217,"comment_status":"open","ping_status":"closed","template":"","meta":{"_acf_changed":false},"brand":[1331],"product_cat":[1333],"product_tag":[],"class_list":{"0":"post-18601","1":"product","2":"type-product","3":"status-publish","4":"has-post-thumbnail","6":"brand-sarayan-fr","7":"product_cat-vetements","9":"first","10":"instock","11":"shipping-taxable","12":"purchasable","13":"product-type-simple"},"acf":[],"_links":{"self":[{"href":"https:\/\/turkmenexporter.com\/fr\/wp-json\/wp\/v2\/product\/18601","targetHints":{"allow":["GET"]}}],"collection":[{"href":"https:\/\/turkmenexporter.com\/fr\/wp-json\/wp\/v2\/product"}],"about":[{"href":"https:\/\/turkmenexporter.com\/fr\/wp-json\/wp\/v2\/types\/product"}],"replies":[{"embeddable":true,"href":"https:\/\/turkmenexporter.com\/fr\/wp-json\/wp\/v2\/comments?post=18601"}],"version-history":[{"count":0,"href":"https:\/\/turkmenexporter.com\/fr\/wp-json\/wp\/v2\/product\/18601\/revisions"}],"wp:featuredmedia":[{"embeddable":true,"href":"https:\/\/turkmenexporter.com\/fr\/wp-json\/wp\/v2\/media\/18217"}],"wp:attachment":[{"href":"https:\/\/turkmenexporter.com\/fr\/wp-json\/wp\/v2\/media?parent=18601"}],"wp:term":[{"taxonomy":"brand","embeddable":true,"href":"https:\/\/turkmenexporter.com\/fr\/wp-json\/wp\/v2\/brand?post=18601"},{"taxonomy":"product_cat","embeddable":true,"href":"https:\/\/turkmenexporter.com\/fr\/wp-json\/wp\/v2\/product_cat?post=18601"},{"taxonomy":"product_tag","embeddable":true,"href":"https:\/\/turkmenexporter.com\/fr\/wp-json\/wp\/v2\/product_tag?post=18601"}],"curies":[{"name":"wp","href":"https:\/\/api.w.org\/{rel}","templated":true}]}}