{"id":18602,"date":"2025-07-18T16:43:09","date_gmt":"2025-07-18T11:43:09","guid":{"rendered":"https:\/\/turkmenexporter.com\/product\/combinaison-pour-infirmiere-sarayan-pour-hommes\/"},"modified":"2025-07-18T16:43:09","modified_gmt":"2025-07-18T11:43:09","slug":"combinaison-pour-infirmiere-sarayan-pour-hommes","status":"publish","type":"product","link":"https:\/\/turkmenexporter.com\/fr\/produit\/combinaison-pour-infirmiere-sarayan-pour-hommes\/","title":{"rendered":"Combinaison pour infirmi\u00e8re Sarayan pour homme"},"content":{"rendered":"<p>Il offre une excellente protection contre la salet\u00e9, est facile \u00e0 laver sans perdre ses qualit\u00e9s : l&rsquo;\u00e9clat de la couleur, la r\u00e9sistance, la forme sont pr\u00e9serv\u00e9s.<\/p>\n<p>Hypoallerg\u00e9nique et s\u00fbr &#8211; ne provoque pas d&rsquo;irritation de la peau ni de r\u00e9actions allergiques, ce qui est particuli\u00e8rement important pour le personnel m\u00e9dical et les patients \u00e0 la peau sensible.<\/p>\n","protected":false},"excerpt":{"rendered":"<p>V\u00eatements sp\u00e9ciaux pour le personnel m\u00e9dical (blouse, pantalon, bonnet et veste).<\/p>\n<p>Fabriqu\u00e9 par TC &#8211; 65% de t\u00e9tron et les 35% restants sont en coton. <\/p>\n<p>Tout ajustement dans le design et la taille peut \u00eatre n\u00e9goci\u00e9.<\/p>\n<p>MOQ 10 ct.<\/p>\n","protected":false},"featured_media":18235,"comment_status":"open","ping_status":"closed","template":"","meta":{"_acf_changed":false},"brand":[1331],"product_cat":[1333],"product_tag":[],"class_list":{"0":"post-18602","1":"product","2":"type-product","3":"status-publish","4":"has-post-thumbnail","6":"brand-sarayan-fr","7":"product_cat-vetements","9":"first","10":"instock","11":"shipping-taxable","12":"purchasable","13":"product-type-simple"},"acf":[],"_links":{"self":[{"href":"https:\/\/turkmenexporter.com\/fr\/wp-json\/wp\/v2\/product\/18602","targetHints":{"allow":["GET"]}}],"collection":[{"href":"https:\/\/turkmenexporter.com\/fr\/wp-json\/wp\/v2\/product"}],"about":[{"href":"https:\/\/turkmenexporter.com\/fr\/wp-json\/wp\/v2\/types\/product"}],"replies":[{"embeddable":true,"href":"https:\/\/turkmenexporter.com\/fr\/wp-json\/wp\/v2\/comments?post=18602"}],"version-history":[{"count":0,"href":"https:\/\/turkmenexporter.com\/fr\/wp-json\/wp\/v2\/product\/18602\/revisions"}],"wp:featuredmedia":[{"embeddable":true,"href":"https:\/\/turkmenexporter.com\/fr\/wp-json\/wp\/v2\/media\/18235"}],"wp:attachment":[{"href":"https:\/\/turkmenexporter.com\/fr\/wp-json\/wp\/v2\/media?parent=18602"}],"wp:term":[{"taxonomy":"brand","embeddable":true,"href":"https:\/\/turkmenexporter.com\/fr\/wp-json\/wp\/v2\/brand?post=18602"},{"taxonomy":"product_cat","embeddable":true,"href":"https:\/\/turkmenexporter.com\/fr\/wp-json\/wp\/v2\/product_cat?post=18602"},{"taxonomy":"product_tag","embeddable":true,"href":"https:\/\/turkmenexporter.com\/fr\/wp-json\/wp\/v2\/product_tag?post=18602"}],"curies":[{"name":"wp","href":"https:\/\/api.w.org\/{rel}","templated":true}]}}