{"id":18869,"date":"2025-07-30T12:32:00","date_gmt":"2025-07-30T07:32:00","guid":{"rendered":"https:\/\/turkmenexporter.com\/product\/kaki-rojo-brillant\/"},"modified":"2025-07-30T17:09:41","modified_gmt":"2025-07-30T12:09:41","slug":"kaki-rojo-brillant","status":"publish","type":"product","link":"https:\/\/turkmenexporter.com\/fr\/produit\/kaki-rojo-brillant\/","title":{"rendered":"Kaki &lsquo;Rojo Brilliante&rsquo;"},"content":{"rendered":"<p><strong>Origine :<\/strong> Kaka etrap, Ahal velayat, Turkm\u00e9nistan. 50 hectares de vergers ensoleill\u00e9s sur un sol limoneux bien drain\u00e9 , avec irrigation de pr\u00e9cision. <\/p>\n<p><strong>Chair :<\/strong> Ferme, orange vif, sans p\u00e9pins, g\u00e9latineuse \u00e0 pleine maturit\u00e9<\/p>\n<p><strong>Profil desaveur:<\/strong> Doux et d\u00e9licat avec des notes de miel et d&rsquo; abricot; faible acidit\u00e9; excellent fruit de dessert.<\/p>\n<p><strong>P\u00e9riode der\u00e9colte:<\/strong> De mi-octobre \u00e0 d\u00e9but novembre. Disponible jusqu&rsquo;en mars avec stockage <\/p>\n<p><span class=\"fadeinm1hgl8\"><b><span lang=\"EN-US\">Conditions delivraison:<\/span><\/b><\/span><span lang=\"EN-US\"> <span class=\"fadeinm1hgl8\">EXW (Ashgabat), FOB (port de Turkmenbashi), CIF, DDP (pour certains importateurs ).<\/span><\/span><\/p>\n","protected":false},"excerpt":{"rendered":"<p>Kakis frais de haute qualit\u00e9<\/p>\n<p>Niveau BRIX : 15 Bx<\/p>\n<p>Emballage : bo\u00eetes standard de 4 kg<\/p>\n","protected":false},"featured_media":18860,"comment_status":"open","ping_status":"closed","template":"","meta":{"_acf_changed":false},"brand":[1373],"product_cat":[1375],"product_tag":[],"class_list":{"0":"post-18869","1":"product","2":"type-product","3":"status-publish","4":"has-post-thumbnail","6":"brand-miwe-fr","7":"product_cat-fruits-fr","9":"first","10":"instock","11":"shipping-taxable","12":"purchasable","13":"product-type-simple"},"acf":[],"_links":{"self":[{"href":"https:\/\/turkmenexporter.com\/fr\/wp-json\/wp\/v2\/product\/18869","targetHints":{"allow":["GET"]}}],"collection":[{"href":"https:\/\/turkmenexporter.com\/fr\/wp-json\/wp\/v2\/product"}],"about":[{"href":"https:\/\/turkmenexporter.com\/fr\/wp-json\/wp\/v2\/types\/product"}],"replies":[{"embeddable":true,"href":"https:\/\/turkmenexporter.com\/fr\/wp-json\/wp\/v2\/comments?post=18869"}],"version-history":[{"count":1,"href":"https:\/\/turkmenexporter.com\/fr\/wp-json\/wp\/v2\/product\/18869\/revisions"}],"predecessor-version":[{"id":18947,"href":"https:\/\/turkmenexporter.com\/fr\/wp-json\/wp\/v2\/product\/18869\/revisions\/18947"}],"wp:featuredmedia":[{"embeddable":true,"href":"https:\/\/turkmenexporter.com\/fr\/wp-json\/wp\/v2\/media\/18860"}],"wp:attachment":[{"href":"https:\/\/turkmenexporter.com\/fr\/wp-json\/wp\/v2\/media?parent=18869"}],"wp:term":[{"taxonomy":"brand","embeddable":true,"href":"https:\/\/turkmenexporter.com\/fr\/wp-json\/wp\/v2\/brand?post=18869"},{"taxonomy":"product_cat","embeddable":true,"href":"https:\/\/turkmenexporter.com\/fr\/wp-json\/wp\/v2\/product_cat?post=18869"},{"taxonomy":"product_tag","embeddable":true,"href":"https:\/\/turkmenexporter.com\/fr\/wp-json\/wp\/v2\/product_tag?post=18869"}],"curies":[{"name":"wp","href":"https:\/\/api.w.org\/{rel}","templated":true}]}}