{"id":18870,"date":"2025-07-30T12:26:52","date_gmt":"2025-07-30T07:26:52","guid":{"rendered":"https:\/\/turkmenexporter.com\/product\/cerises-douces-lapins\/"},"modified":"2025-07-30T17:09:42","modified_gmt":"2025-07-30T12:09:42","slug":"cerises-douces-lapins","status":"publish","type":"product","link":"https:\/\/turkmenexporter.com\/fr\/produit\/cerises-douces-lapins\/","title":{"rendered":"\u00ab\u00a0Lapins\u00a0\u00bb de cerises douces"},"content":{"rendered":"<p><strong>Origine :<\/strong> Kaka etrap, Ahal velayat, Turkm\u00e9nistan 165 hectares de vergers de contreforts montagneux avec de longues heures d&rsquo; ensoleillement et une irrigation goutte \u00e0 goutte .<\/p>\n<p><strong>Chair : <\/strong>Chair ferme, croquante, rouge fonc\u00e9, \u00e0 faible teneur en fibres.<\/p>\n<p><strong>Profil desaveur:<\/strong> Douceur, riche saveur de cerise avec une faible acidit\u00e9; teneur \u00e9lev\u00e9e en sucre et excellente qualit\u00e9 gustative.<\/p>\n<p><strong>P\u00e9riode de r\u00e9colte : <\/strong>De la mi-juin \u00e0 la fin juin. Disponible jusqu&rsquo;\u00e0 d\u00e9but juillet en chambre froide <\/p>\n","protected":false},"excerpt":{"rendered":"<p>Cerises douces de haute qualit\u00e9<\/p>\n<p>BRIX Niveau : 16-20 Bx<\/p>\n<p>Emballage : bo\u00eetes standard de 4 kg<\/p>\n","protected":false},"featured_media":18851,"comment_status":"open","ping_status":"closed","template":"","meta":{"_acf_changed":false},"brand":[1373],"product_cat":[1375],"product_tag":[],"class_list":{"0":"post-18870","1":"product","2":"type-product","3":"status-publish","4":"has-post-thumbnail","6":"brand-miwe-fr","7":"product_cat-fruits-fr","9":"first","10":"instock","11":"shipping-taxable","12":"purchasable","13":"product-type-simple"},"acf":[],"_links":{"self":[{"href":"https:\/\/turkmenexporter.com\/fr\/wp-json\/wp\/v2\/product\/18870","targetHints":{"allow":["GET"]}}],"collection":[{"href":"https:\/\/turkmenexporter.com\/fr\/wp-json\/wp\/v2\/product"}],"about":[{"href":"https:\/\/turkmenexporter.com\/fr\/wp-json\/wp\/v2\/types\/product"}],"replies":[{"embeddable":true,"href":"https:\/\/turkmenexporter.com\/fr\/wp-json\/wp\/v2\/comments?post=18870"}],"version-history":[{"count":1,"href":"https:\/\/turkmenexporter.com\/fr\/wp-json\/wp\/v2\/product\/18870\/revisions"}],"predecessor-version":[{"id":18951,"href":"https:\/\/turkmenexporter.com\/fr\/wp-json\/wp\/v2\/product\/18870\/revisions\/18951"}],"wp:featuredmedia":[{"embeddable":true,"href":"https:\/\/turkmenexporter.com\/fr\/wp-json\/wp\/v2\/media\/18851"}],"wp:attachment":[{"href":"https:\/\/turkmenexporter.com\/fr\/wp-json\/wp\/v2\/media?parent=18870"}],"wp:term":[{"taxonomy":"brand","embeddable":true,"href":"https:\/\/turkmenexporter.com\/fr\/wp-json\/wp\/v2\/brand?post=18870"},{"taxonomy":"product_cat","embeddable":true,"href":"https:\/\/turkmenexporter.com\/fr\/wp-json\/wp\/v2\/product_cat?post=18870"},{"taxonomy":"product_tag","embeddable":true,"href":"https:\/\/turkmenexporter.com\/fr\/wp-json\/wp\/v2\/product_tag?post=18870"}],"curies":[{"name":"wp","href":"https:\/\/api.w.org\/{rel}","templated":true}]}}